{"id":2537,"date":"2022-07-21T15:23:49","date_gmt":"2022-07-21T15:23:49","guid":{"rendered":"https:\/\/www.hypertera.com\/?product=x-savuporokeitto-leader-ackd-easy-diet-51gpoistunut"},"modified":"2022-07-21T15:23:51","modified_gmt":"2022-07-21T15:23:51","slug":"x-savuporokeitto-leader-ackd-easy-diet-51gpoistunut","status":"publish","type":"product","link":"https:\/\/www.hypertera.com\/?product=x-savuporokeitto-leader-ackd-easy-diet-51gpoistunut","title":{"rendered":"X Savuporokeitto, Leader ACKD Easy Diet, 51g(POISTUNUT)"},"content":{"rendered":"<p>ACKD Easy Diet savuporokeitto on suunniteltu ateriankorvikkeeksi laihduttajille. Keitto on maukasta ja t\u00e4ytt\u00e4\u00e4 vatsan ilman turhia hiilihydraatteja. Helppo valmistaa; lis\u00e4\u00e4 vain vesi ja sekoita. Keittoannos on v\u00e4h\u00e4laktoosinen ja gluteeniton, eik\u00e4 sis\u00e4ll\u00e4 keinomakeutusaineita tai natriumglutamaattia.   Allergiatiedote: sis\u00e4lt\u00e4\u00e4 soijaa, maitoper\u00e4isi\u00e4 aineita, mausteita ja aromeita.<\/p>\n","protected":false},"excerpt":{"rendered":"<p>Savuporokeitto, 51g Leader ACKD Easy Diet<\/p>\n","protected":false},"featured_media":2538,"comment_status":"closed","ping_status":"closed","template":"","meta":[],"product_brand":[],"product_cat":[15],"product_tag":[242],"class_list":{"0":"post-2537","1":"product","2":"type-product","3":"status-publish","4":"has-post-thumbnail","6":"product_cat-uncategorized","7":"product_tag-keitot","9":"first","10":"instock","11":"purchasable","12":"product-type-simple"},"jetpack_sharing_enabled":true,"_links":{"self":[{"href":"https:\/\/www.hypertera.com\/index.php?rest_route=\/wp\/v2\/product\/2537","targetHints":{"allow":["GET"]}}],"collection":[{"href":"https:\/\/www.hypertera.com\/index.php?rest_route=\/wp\/v2\/product"}],"about":[{"href":"https:\/\/www.hypertera.com\/index.php?rest_route=\/wp\/v2\/types\/product"}],"replies":[{"embeddable":true,"href":"https:\/\/www.hypertera.com\/index.php?rest_route=%2Fwp%2Fv2%2Fcomments&post=2537"}],"wp:featuredmedia":[{"embeddable":true,"href":"https:\/\/www.hypertera.com\/index.php?rest_route=\/wp\/v2\/media\/2538"}],"wp:attachment":[{"href":"https:\/\/www.hypertera.com\/index.php?rest_route=%2Fwp%2Fv2%2Fmedia&parent=2537"}],"wp:term":[{"taxonomy":"product_brand","embeddable":true,"href":"https:\/\/www.hypertera.com\/index.php?rest_route=%2Fwp%2Fv2%2Fproduct_brand&post=2537"},{"taxonomy":"product_cat","embeddable":true,"href":"https:\/\/www.hypertera.com\/index.php?rest_route=%2Fwp%2Fv2%2Fproduct_cat&post=2537"},{"taxonomy":"product_tag","embeddable":true,"href":"https:\/\/www.hypertera.com\/index.php?rest_route=%2Fwp%2Fv2%2Fproduct_tag&post=2537"}],"curies":[{"name":"wp","href":"https:\/\/api.w.org\/{rel}","templated":true}]}}