{"id":2533,"date":"2022-07-21T15:23:26","date_gmt":"2022-07-21T15:23:26","guid":{"rendered":"https:\/\/www.hypertera.com\/?product=x-sankaluurit-gn-netcom-2200-headband-sininenpoistunut"},"modified":"2022-07-21T15:23:46","modified_gmt":"2022-07-21T15:23:46","slug":"x-sankaluurit-gn-netcom-2200-headband-sininenpoistunut","status":"publish","type":"product","link":"https:\/\/www.hypertera.com\/?product=x-sankaluurit-gn-netcom-2200-headband-sininenpoistunut","title":{"rendered":"X Sankaluurit, GN Netcom 2200 Headband, sininen(POISTUNUT)"},"content":{"rendered":"<p>P\u00e4\u00e4h\u00e4n tuleva kuuloke jossa on mikki, sininen.<\/p>\n","protected":false},"excerpt":{"rendered":"<p>Sininen GN Netcom 2200 Headband Sankaluurit<\/p>\n","protected":false},"featured_media":2534,"comment_status":"closed","ping_status":"closed","template":"","meta":[],"product_brand":[],"product_cat":[17,740,16],"product_tag":[741],"class_list":{"0":"post-2533","1":"product","2":"type-product","3":"status-publish","4":"has-post-thumbnail","6":"product_cat-laitteet-tekniikka","7":"product_cat-sankaluurit","8":"product_cat-tuotteet","9":"product_tag-sankaluurit","11":"first","12":"instock","13":"purchasable","14":"product-type-simple"},"jetpack_sharing_enabled":true,"_links":{"self":[{"href":"https:\/\/www.hypertera.com\/index.php?rest_route=\/wp\/v2\/product\/2533","targetHints":{"allow":["GET"]}}],"collection":[{"href":"https:\/\/www.hypertera.com\/index.php?rest_route=\/wp\/v2\/product"}],"about":[{"href":"https:\/\/www.hypertera.com\/index.php?rest_route=\/wp\/v2\/types\/product"}],"replies":[{"embeddable":true,"href":"https:\/\/www.hypertera.com\/index.php?rest_route=%2Fwp%2Fv2%2Fcomments&post=2533"}],"wp:featuredmedia":[{"embeddable":true,"href":"https:\/\/www.hypertera.com\/index.php?rest_route=\/wp\/v2\/media\/2534"}],"wp:attachment":[{"href":"https:\/\/www.hypertera.com\/index.php?rest_route=%2Fwp%2Fv2%2Fmedia&parent=2533"}],"wp:term":[{"taxonomy":"product_brand","embeddable":true,"href":"https:\/\/www.hypertera.com\/index.php?rest_route=%2Fwp%2Fv2%2Fproduct_brand&post=2533"},{"taxonomy":"product_cat","embeddable":true,"href":"https:\/\/www.hypertera.com\/index.php?rest_route=%2Fwp%2Fv2%2Fproduct_cat&post=2533"},{"taxonomy":"product_tag","embeddable":true,"href":"https:\/\/www.hypertera.com\/index.php?rest_route=%2Fwp%2Fv2%2Fproduct_tag&post=2533"}],"curies":[{"name":"wp","href":"https:\/\/api.w.org\/{rel}","templated":true}]}}