{"id":2531,"date":"2022-07-21T15:23:26","date_gmt":"2022-07-21T15:23:26","guid":{"rendered":"https:\/\/www.hypertera.com\/?product=x-sankaluurit-gn-9120-duo-flexpoistunut"},"modified":"2022-07-21T15:23:45","modified_gmt":"2022-07-21T15:23:45","slug":"x-sankaluurit-gn-9120-duo-flexpoistunut","status":"publish","type":"product","link":"https:\/\/www.hypertera.com\/?product=x-sankaluurit-gn-9120-duo-flexpoistunut","title":{"rendered":"X Sankaluurit, GN 9120 Duo, flex(POISTUNUT)"},"content":{"rendered":"<p>GN9120 Duo -mallissa \u00e4\u00e4ni kuuluu molempiin korviin, mik\u00e4 takaa ty\u00f6rauhan ja parhaan mahdollisen kuuluvuuden. Sopii erityisesti Call Centereihin sek\u00e4 avokonttoreihin. Duo-mallin taustamelua poistava mikrofoni v\u00e4hent\u00e4\u00e4 h\u00e4ly\u00e4\u00e4ni\u00e4 vastaanottajalle. Langaton liikkumiset\u00e4isyys puhelimesta on avoimessa tilassa 150 metri\u00e4 ja puheaika jopa 12 tuntia. Miellytt\u00e4v\u00e4 k\u00e4ytt\u00e4\u00e4 koko ty\u00f6p\u00e4iv\u00e4n ajan &ndash; s\u00e4\u00e4dett\u00e4v\u00e4 p\u00e4\u00e4panta, pehme\u00e4t korvakuulokkeet ja taipuisa mikrofoninvarsi. K\u00e4ytt\u00f6mukavuutta lis\u00e4\u00e4v\u00e4t mykistystoiminto, tulevan ja l\u00e4htev\u00e4n \u00e4\u00e4nen s\u00e4\u00e4t\u00f6.<\/p>\n","protected":false},"excerpt":{"rendered":"<p>GN9120 Duo -mallissa \u00e4\u00e4ni kuuluu molempiin korviin, mik\u00e4 takaa ty\u00f6rauhan ja parhaan mahdollisen kuuluvuuden. Sopii erityisesti Call Centereihin sek\u00e4 avokonttoreihin. Duo-mallin taustamelua poistava mikrofoni v\u00e4hent\u00e4\u00e4 h\u00e4ly\u00e4\u00e4ni\u00e4 vastaanottajalle. Langaton liikkumiset\u00e4isyys puhelimesta on avoimessa tilassa 150 metri\u00e4 ja puheaika jopa 12 tuntia. Miellytt\u00e4v\u00e4 k\u00e4ytt\u00e4\u00e4 koko ty\u00f6p\u00e4iv\u00e4n ajan &ndash; s\u00e4\u00e4dett\u00e4v\u00e4 p\u00e4\u00e4panta, pehme\u00e4t korvakuulokkeet ja taipuisa mikrofoninvarsi. K\u00e4ytt\u00f6mukavuutta lis\u00e4\u00e4v\u00e4t [&hellip;]<\/p>\n","protected":false},"featured_media":2532,"comment_status":"closed","ping_status":"closed","template":"","meta":[],"product_brand":[],"product_cat":[17,740,16],"product_tag":[741],"class_list":{"0":"post-2531","1":"product","2":"type-product","3":"status-publish","4":"has-post-thumbnail","6":"product_cat-laitteet-tekniikka","7":"product_cat-sankaluurit","8":"product_cat-tuotteet","9":"product_tag-sankaluurit","11":"first","12":"instock","13":"purchasable","14":"product-type-simple"},"jetpack_sharing_enabled":true,"_links":{"self":[{"href":"https:\/\/www.hypertera.com\/index.php?rest_route=\/wp\/v2\/product\/2531","targetHints":{"allow":["GET"]}}],"collection":[{"href":"https:\/\/www.hypertera.com\/index.php?rest_route=\/wp\/v2\/product"}],"about":[{"href":"https:\/\/www.hypertera.com\/index.php?rest_route=\/wp\/v2\/types\/product"}],"replies":[{"embeddable":true,"href":"https:\/\/www.hypertera.com\/index.php?rest_route=%2Fwp%2Fv2%2Fcomments&post=2531"}],"wp:featuredmedia":[{"embeddable":true,"href":"https:\/\/www.hypertera.com\/index.php?rest_route=\/wp\/v2\/media\/2532"}],"wp:attachment":[{"href":"https:\/\/www.hypertera.com\/index.php?rest_route=%2Fwp%2Fv2%2Fmedia&parent=2531"}],"wp:term":[{"taxonomy":"product_brand","embeddable":true,"href":"https:\/\/www.hypertera.com\/index.php?rest_route=%2Fwp%2Fv2%2Fproduct_brand&post=2531"},{"taxonomy":"product_cat","embeddable":true,"href":"https:\/\/www.hypertera.com\/index.php?rest_route=%2Fwp%2Fv2%2Fproduct_cat&post=2531"},{"taxonomy":"product_tag","embeddable":true,"href":"https:\/\/www.hypertera.com\/index.php?rest_route=%2Fwp%2Fv2%2Fproduct_tag&post=2531"}],"curies":[{"name":"wp","href":"https:\/\/api.w.org\/{rel}","templated":true}]}}