{"id":2523,"date":"2022-07-21T15:23:19","date_gmt":"2022-07-21T15:23:19","guid":{"rendered":"https:\/\/www.hypertera.com\/?product=salamasuodin-linkstar-softbox-30x120-cm"},"modified":"2022-07-21T15:23:23","modified_gmt":"2022-07-21T15:23:23","slug":"salamasuodin-linkstar-softbox-30x120-cm","status":"publish","type":"product","link":"https:\/\/www.hypertera.com\/?product=salamasuodin-linkstar-softbox-30x120-cm","title":{"rendered":"Salamasuodin, Linkstar Softbox, 30&#215;120 cm"},"content":{"rendered":"<p>Suorakulmainen &quot;soft box&quot; -diffuusiosuodin Linkstar -studiosalamoille. Kiinnitysmekanismi on Linkstarin S-bajonetti. Soveltuu ainakin my\u00f6s Bowens, StudioKing, Lastolite, Jinbei, Qihe ja Aurora -salamalaitteisiin. J oskin sopivilla adaptereille voit sovittaa my\u00f6s muihin studiosalamoihin.  Diffuusiopinnan voi tarvittaessa irrottaa ja sis\u00e4ll\u00e4 on hopeanv\u00e4rinen heijastuspinta. Mitat ovat 30&#215;120 cm.  Mukana tulee kuljetuspussi ja yksi ylim\u00e4\u00e4r\u00e4inen heijastuskangas varalle.<\/p>\n","protected":false},"excerpt":{"rendered":"<p>Linkstar Softbox 30&#215;120 cm Salamasuodin<\/p>\n","protected":false},"featured_media":2524,"comment_status":"closed","ping_status":"closed","template":"","meta":[],"product_brand":[],"product_cat":[15],"product_tag":[100],"class_list":{"0":"post-2523","1":"product","2":"type-product","3":"status-publish","4":"has-post-thumbnail","6":"product_cat-uncategorized","7":"product_tag-salamasuotimet","9":"first","10":"instock","11":"purchasable","12":"product-type-simple"},"jetpack_sharing_enabled":true,"_links":{"self":[{"href":"https:\/\/www.hypertera.com\/index.php?rest_route=\/wp\/v2\/product\/2523","targetHints":{"allow":["GET"]}}],"collection":[{"href":"https:\/\/www.hypertera.com\/index.php?rest_route=\/wp\/v2\/product"}],"about":[{"href":"https:\/\/www.hypertera.com\/index.php?rest_route=\/wp\/v2\/types\/product"}],"replies":[{"embeddable":true,"href":"https:\/\/www.hypertera.com\/index.php?rest_route=%2Fwp%2Fv2%2Fcomments&post=2523"}],"wp:featuredmedia":[{"embeddable":true,"href":"https:\/\/www.hypertera.com\/index.php?rest_route=\/wp\/v2\/media\/2524"}],"wp:attachment":[{"href":"https:\/\/www.hypertera.com\/index.php?rest_route=%2Fwp%2Fv2%2Fmedia&parent=2523"}],"wp:term":[{"taxonomy":"product_brand","embeddable":true,"href":"https:\/\/www.hypertera.com\/index.php?rest_route=%2Fwp%2Fv2%2Fproduct_brand&post=2523"},{"taxonomy":"product_cat","embeddable":true,"href":"https:\/\/www.hypertera.com\/index.php?rest_route=%2Fwp%2Fv2%2Fproduct_cat&post=2523"},{"taxonomy":"product_tag","embeddable":true,"href":"https:\/\/www.hypertera.com\/index.php?rest_route=%2Fwp%2Fv2%2Fproduct_tag&post=2523"}],"curies":[{"name":"wp","href":"https:\/\/api.w.org\/{rel}","templated":true}]}}