{"id":2521,"date":"2022-07-21T15:23:19","date_gmt":"2022-07-21T15:23:19","guid":{"rendered":"https:\/\/www.hypertera.com\/?product=salamasuodin-linkstar-msa-cf-4-varia-linkstar-ms-salamalaitteisiin"},"modified":"2022-07-21T15:23:23","modified_gmt":"2022-07-21T15:23:23","slug":"salamasuodin-linkstar-msa-cf-4-varia-linkstar-ms-salamalaitteisiin","status":"publish","type":"product","link":"https:\/\/www.hypertera.com\/?product=salamasuodin-linkstar-msa-cf-4-varia-linkstar-ms-salamalaitteisiin","title":{"rendered":"Salamasuodin, Linkstar MSA-CF, 4 v\u00e4ri\u00e4, Linkstar MS-salamalaitteisiin"},"content":{"rendered":"<p>V\u00e4risuotimia Linkstarin MS-salamalaitteisiin luovaan valokuvaukseen. N\u00e4iden suotimien avulla voit v\u00e4rj\u00e4t\u00e4 taustoja ja kohteita haluamallasi v\u00e4rill\u00e4. Yksi paketti sis\u00e4lt\u00e4\u00e4 1xpunaisen, 1xvihre\u00e4, 1xsininen ja 1xkeltainen. Sopii Linkstarin MS -salamalaitteisiin (MSA-CF). Suodinten halkaisija on 7.5 cm.  Keltainen suodin auttaa my\u00f6s muuttamaan salamalampun v\u00e4ril\u00e4mp\u00f6tilan l\u00e4hemm\u00e4ksi hehkulamppujen v\u00e4ri\u00e4.<\/p>\n","protected":false},"excerpt":{"rendered":"<p>Linkstar MSA-CFSalamasuodin<\/p>\n","protected":false},"featured_media":2522,"comment_status":"closed","ping_status":"closed","template":"","meta":[],"product_brand":[],"product_cat":[15],"product_tag":[100],"class_list":{"0":"post-2521","1":"product","2":"type-product","3":"status-publish","4":"has-post-thumbnail","6":"product_cat-uncategorized","7":"product_tag-salamasuotimet","9":"first","10":"instock","11":"purchasable","12":"product-type-simple"},"jetpack_sharing_enabled":true,"_links":{"self":[{"href":"https:\/\/www.hypertera.com\/index.php?rest_route=\/wp\/v2\/product\/2521","targetHints":{"allow":["GET"]}}],"collection":[{"href":"https:\/\/www.hypertera.com\/index.php?rest_route=\/wp\/v2\/product"}],"about":[{"href":"https:\/\/www.hypertera.com\/index.php?rest_route=\/wp\/v2\/types\/product"}],"replies":[{"embeddable":true,"href":"https:\/\/www.hypertera.com\/index.php?rest_route=%2Fwp%2Fv2%2Fcomments&post=2521"}],"wp:featuredmedia":[{"embeddable":true,"href":"https:\/\/www.hypertera.com\/index.php?rest_route=\/wp\/v2\/media\/2522"}],"wp:attachment":[{"href":"https:\/\/www.hypertera.com\/index.php?rest_route=%2Fwp%2Fv2%2Fmedia&parent=2521"}],"wp:term":[{"taxonomy":"product_brand","embeddable":true,"href":"https:\/\/www.hypertera.com\/index.php?rest_route=%2Fwp%2Fv2%2Fproduct_brand&post=2521"},{"taxonomy":"product_cat","embeddable":true,"href":"https:\/\/www.hypertera.com\/index.php?rest_route=%2Fwp%2Fv2%2Fproduct_cat&post=2521"},{"taxonomy":"product_tag","embeddable":true,"href":"https:\/\/www.hypertera.com\/index.php?rest_route=%2Fwp%2Fv2%2Fproduct_tag&post=2521"}],"curies":[{"name":"wp","href":"https:\/\/api.w.org\/{rel}","templated":true}]}}