{"id":2515,"date":"2022-07-21T15:23:19","date_gmt":"2022-07-21T15:23:19","guid":{"rendered":"https:\/\/www.hypertera.com\/?product=salamalamppu-linkstar-e27-38-w"},"modified":"2022-07-21T15:23:20","modified_gmt":"2022-07-21T15:23:20","slug":"salamalamppu-linkstar-e27-38-w","status":"publish","type":"product","link":"https:\/\/www.hypertera.com\/?product=salamalamppu-linkstar-e27-38-w","title":{"rendered":"Salamalamppu, Linkstar, E27, 38 W"},"content":{"rendered":"<p>K\u00e4tev\u00e4 salamalamppu, jonka voit laittaa mihin lampunjalkaan vain, jossa on E27 -kanta. Lampussa on orjavastaanotin, jolla saat salamalampun v\u00e4l\u00e4hdyksen reagoimaan kamerasi salaman v\u00e4l\u00e4hdykseen. Teho 38 wattia, ja ohjeluku 22 (ISO 100), eli lamppu soveltuu lis\u00e4salamaksi. Teho ei ole s\u00e4\u00e4dett\u00e4viss\u00e4. Latautumisaika on 1-2 sekuntia.  Edullinen vaihtoehto kalliimmille salamalampuille harrastusk\u00e4ytt\u00f6\u00f6n. Ammattik\u00e4yt\u00f6ss\u00e4 eritt\u00e4in hy\u00f6dyllinen kuvattaessa sis\u00e4tiloissa, joissa halutaan luonnollinen valaistus jo olemassaolevista valaisimista, mutta v\u00e4ltt\u00e4\u00e4 ongelma v\u00e4ril\u00e4mpotilojen kanssa: vaihda olemassaolevat lamput salamalamppuun valokuvauksen ajaksi. Toki on muitakin vaihtoehtoja v\u00e4ltt\u00e4\u00e4 erilaisten lamppujen v\u00e4ril\u00e4mp\u00f6tilojen haaste, mutta salamalampun avulla saat enemm\u00e4n valotehoa ja pys\u00e4yt\u00e4t liikkeen.<\/p>\n","protected":false},"excerpt":{"rendered":"<p>Linkstar E27 38 W Salamalamppu<\/p>\n","protected":false},"featured_media":2516,"comment_status":"closed","ping_status":"closed","template":"","meta":[],"product_brand":[],"product_cat":[15],"product_tag":[738],"class_list":{"0":"post-2515","1":"product","2":"type-product","3":"status-publish","4":"has-post-thumbnail","6":"product_cat-uncategorized","7":"product_tag-salamalamput","9":"first","10":"instock","11":"purchasable","12":"product-type-simple"},"jetpack_sharing_enabled":true,"_links":{"self":[{"href":"https:\/\/www.hypertera.com\/index.php?rest_route=\/wp\/v2\/product\/2515","targetHints":{"allow":["GET"]}}],"collection":[{"href":"https:\/\/www.hypertera.com\/index.php?rest_route=\/wp\/v2\/product"}],"about":[{"href":"https:\/\/www.hypertera.com\/index.php?rest_route=\/wp\/v2\/types\/product"}],"replies":[{"embeddable":true,"href":"https:\/\/www.hypertera.com\/index.php?rest_route=%2Fwp%2Fv2%2Fcomments&post=2515"}],"wp:featuredmedia":[{"embeddable":true,"href":"https:\/\/www.hypertera.com\/index.php?rest_route=\/wp\/v2\/media\/2516"}],"wp:attachment":[{"href":"https:\/\/www.hypertera.com\/index.php?rest_route=%2Fwp%2Fv2%2Fmedia&parent=2515"}],"wp:term":[{"taxonomy":"product_brand","embeddable":true,"href":"https:\/\/www.hypertera.com\/index.php?rest_route=%2Fwp%2Fv2%2Fproduct_brand&post=2515"},{"taxonomy":"product_cat","embeddable":true,"href":"https:\/\/www.hypertera.com\/index.php?rest_route=%2Fwp%2Fv2%2Fproduct_cat&post=2515"},{"taxonomy":"product_tag","embeddable":true,"href":"https:\/\/www.hypertera.com\/index.php?rest_route=%2Fwp%2Fv2%2Fproduct_tag&post=2515"}],"curies":[{"name":"wp","href":"https:\/\/api.w.org\/{rel}","templated":true}]}}