{"id":2513,"date":"2022-07-21T15:22:46","date_gmt":"2022-07-21T15:22:46","guid":{"rendered":"https:\/\/www.hypertera.com\/?product=saksisarja-3x-13cm-14-5cm-ja-21-cm-kumi"},"modified":"2022-07-21T15:23:06","modified_gmt":"2022-07-21T15:23:06","slug":"saksisarja-3x-13cm-14-5cm-ja-21-cm-kumi","status":"publish","type":"product","link":"https:\/\/www.hypertera.com\/?product=saksisarja-3x-13cm-14-5cm-ja-21-cm-kumi","title":{"rendered":"Saksisarja 3x: 13cm, 14.5cm ja 21 cm, kumi"},"content":{"rendered":"<p>Sarja yleissaksia. Ter\u00e4t on valmistettu ruostumattomasta ter\u00e4ksest\u00e4. Otereik\u00e4 on kumitettu mukavan ja tukevan otteen takaamiseksi. Mukana tulevien saksien pituudet ovat 13cm, 14.5cm ja 21 cm. Sakset ovat yleissaksia ja niiss\u00e4 on ter\u00e4v\u00e4t k\u00e4rjet. Terien pituudet ovat vastaavasti 5, 6 ja 8 cm<\/p>\n","protected":false},"excerpt":{"rendered":"<p>13cm, 14.5cm ja 21 cm -sakset<\/p>\n","protected":false},"featured_media":2514,"comment_status":"closed","ping_status":"closed","template":"","meta":[],"product_brand":[],"product_cat":[15],"product_tag":[737],"class_list":{"0":"post-2513","1":"product","2":"type-product","3":"status-publish","4":"has-post-thumbnail","6":"product_cat-uncategorized","7":"product_tag-saksisarjat","9":"first","10":"instock","11":"purchasable","12":"product-type-simple"},"jetpack_sharing_enabled":true,"_links":{"self":[{"href":"https:\/\/www.hypertera.com\/index.php?rest_route=\/wp\/v2\/product\/2513","targetHints":{"allow":["GET"]}}],"collection":[{"href":"https:\/\/www.hypertera.com\/index.php?rest_route=\/wp\/v2\/product"}],"about":[{"href":"https:\/\/www.hypertera.com\/index.php?rest_route=\/wp\/v2\/types\/product"}],"replies":[{"embeddable":true,"href":"https:\/\/www.hypertera.com\/index.php?rest_route=%2Fwp%2Fv2%2Fcomments&post=2513"}],"wp:featuredmedia":[{"embeddable":true,"href":"https:\/\/www.hypertera.com\/index.php?rest_route=\/wp\/v2\/media\/2514"}],"wp:attachment":[{"href":"https:\/\/www.hypertera.com\/index.php?rest_route=%2Fwp%2Fv2%2Fmedia&parent=2513"}],"wp:term":[{"taxonomy":"product_brand","embeddable":true,"href":"https:\/\/www.hypertera.com\/index.php?rest_route=%2Fwp%2Fv2%2Fproduct_brand&post=2513"},{"taxonomy":"product_cat","embeddable":true,"href":"https:\/\/www.hypertera.com\/index.php?rest_route=%2Fwp%2Fv2%2Fproduct_cat&post=2513"},{"taxonomy":"product_tag","embeddable":true,"href":"https:\/\/www.hypertera.com\/index.php?rest_route=%2Fwp%2Fv2%2Fproduct_tag&post=2513"}],"curies":[{"name":"wp","href":"https:\/\/api.w.org\/{rel}","templated":true}]}}