{"id":2511,"date":"2022-07-21T15:22:46","date_gmt":"2022-07-21T15:22:46","guid":{"rendered":"https:\/\/www.hypertera.com\/?product=sakset-tera-7-17-cm-kumitetut-otereiat-ruostumaton-teras"},"modified":"2022-07-21T15:22:59","modified_gmt":"2022-07-21T15:22:59","slug":"sakset-tera-7-17-cm-kumitetut-otereiat-ruostumaton-teras","status":"publish","type":"product","link":"https:\/\/www.hypertera.com\/?product=sakset-tera-7-17-cm-kumitetut-otereiat-ruostumaton-teras","title":{"rendered":"Sakset, ter\u00e4 7, 17 cm, kumitetut oterei\u00e4t, ruostumaton ter\u00e4s"},"content":{"rendered":"<p>Ter\u00e4n pituus 7, sakset 17 cm, kumitetut oterei\u00e4t. Ter\u00e4 ruostumatonta ter\u00e4st\u00e4.<\/p>\n","protected":false},"excerpt":{"rendered":"<p>ter\u00e4 7 17 cm kumitetut Sakset<\/p>\n","protected":false},"featured_media":2512,"comment_status":"closed","ping_status":"closed","template":"","meta":[],"product_brand":[],"product_cat":[735,76,30,16],"product_tag":[736],"class_list":{"0":"post-2511","1":"product","2":"type-product","3":"status-publish","4":"has-post-thumbnail","6":"product_cat-sakset-toimiston-pientarvikkeet-toimistotarvikkeet","7":"product_cat-toimiston-pientarvikkeet-toimistotarvikkeet","8":"product_cat-toimistotarvikkeet","9":"product_cat-tuotteet","10":"product_tag-sakset","12":"first","13":"instock","14":"purchasable","15":"product-type-simple"},"jetpack_sharing_enabled":true,"_links":{"self":[{"href":"https:\/\/www.hypertera.com\/index.php?rest_route=\/wp\/v2\/product\/2511","targetHints":{"allow":["GET"]}}],"collection":[{"href":"https:\/\/www.hypertera.com\/index.php?rest_route=\/wp\/v2\/product"}],"about":[{"href":"https:\/\/www.hypertera.com\/index.php?rest_route=\/wp\/v2\/types\/product"}],"replies":[{"embeddable":true,"href":"https:\/\/www.hypertera.com\/index.php?rest_route=%2Fwp%2Fv2%2Fcomments&post=2511"}],"wp:featuredmedia":[{"embeddable":true,"href":"https:\/\/www.hypertera.com\/index.php?rest_route=\/wp\/v2\/media\/2512"}],"wp:attachment":[{"href":"https:\/\/www.hypertera.com\/index.php?rest_route=%2Fwp%2Fv2%2Fmedia&parent=2511"}],"wp:term":[{"taxonomy":"product_brand","embeddable":true,"href":"https:\/\/www.hypertera.com\/index.php?rest_route=%2Fwp%2Fv2%2Fproduct_brand&post=2511"},{"taxonomy":"product_cat","embeddable":true,"href":"https:\/\/www.hypertera.com\/index.php?rest_route=%2Fwp%2Fv2%2Fproduct_cat&post=2511"},{"taxonomy":"product_tag","embeddable":true,"href":"https:\/\/www.hypertera.com\/index.php?rest_route=%2Fwp%2Fv2%2Fproduct_tag&post=2511"}],"curies":[{"name":"wp","href":"https:\/\/api.w.org\/{rel}","templated":true}]}}