{"id":2507,"date":"2022-07-21T15:22:46","date_gmt":"2022-07-21T15:22:46","guid":{"rendered":"https:\/\/www.hypertera.com\/?product=ruokalusikka-bioware-puinen-1-pkt-250"},"modified":"2022-07-21T15:22:57","modified_gmt":"2022-07-21T15:22:57","slug":"ruokalusikka-bioware-puinen-1-pkt-250","status":"publish","type":"product","link":"https:\/\/www.hypertera.com\/?product=ruokalusikka-bioware-puinen-1-pkt-250","title":{"rendered":"Ruokalusikka, Bioware, puinen, 1 pkt\/250"},"content":{"rendered":"<p>Puiset kertak\u00e4ytt\u00f6lusikat ymp\u00e4rist\u00f6yst\u00e4v\u00e4lliseen kertak\u00e4ytt\u00f6ruokailuun. Kertak\u00e4ytt\u00f6lusikat on pakattu 250 kappaleen pakkaukseen, ja yhden lusikan pituus on 16 cm. Puiset Bioware &#8211; aterimet kompostoituvat t\u00e4ysin teollisissa kompostointiolosuhteissa.<\/p>\n","protected":false},"excerpt":{"rendered":"<p>Puinen kertak\u00e4ytt\u00f6lusikka<\/p>\n","protected":false},"featured_media":2508,"comment_status":"closed","ping_status":"closed","template":"","meta":[],"product_brand":[],"product_cat":[218,195,16],"product_tag":[734],"class_list":{"0":"post-2507","1":"product","2":"type-product","3":"status-publish","4":"has-post-thumbnail","6":"product_cat-kertakayttoastiat","7":"product_cat-taloustarvikkeet","8":"product_cat-tuotteet","9":"product_tag-ruokalusikat","11":"first","12":"instock","13":"purchasable","14":"product-type-simple"},"jetpack_sharing_enabled":true,"_links":{"self":[{"href":"https:\/\/www.hypertera.com\/index.php?rest_route=\/wp\/v2\/product\/2507","targetHints":{"allow":["GET"]}}],"collection":[{"href":"https:\/\/www.hypertera.com\/index.php?rest_route=\/wp\/v2\/product"}],"about":[{"href":"https:\/\/www.hypertera.com\/index.php?rest_route=\/wp\/v2\/types\/product"}],"replies":[{"embeddable":true,"href":"https:\/\/www.hypertera.com\/index.php?rest_route=%2Fwp%2Fv2%2Fcomments&post=2507"}],"wp:featuredmedia":[{"embeddable":true,"href":"https:\/\/www.hypertera.com\/index.php?rest_route=\/wp\/v2\/media\/2508"}],"wp:attachment":[{"href":"https:\/\/www.hypertera.com\/index.php?rest_route=%2Fwp%2Fv2%2Fmedia&parent=2507"}],"wp:term":[{"taxonomy":"product_brand","embeddable":true,"href":"https:\/\/www.hypertera.com\/index.php?rest_route=%2Fwp%2Fv2%2Fproduct_brand&post=2507"},{"taxonomy":"product_cat","embeddable":true,"href":"https:\/\/www.hypertera.com\/index.php?rest_route=%2Fwp%2Fv2%2Fproduct_cat&post=2507"},{"taxonomy":"product_tag","embeddable":true,"href":"https:\/\/www.hypertera.com\/index.php?rest_route=%2Fwp%2Fv2%2Fproduct_tag&post=2507"}],"curies":[{"name":"wp","href":"https:\/\/api.w.org\/{rel}","templated":true}]}}