{"id":2501,"date":"2022-07-21T15:22:34","date_gmt":"2022-07-21T15:22:34","guid":{"rendered":"https:\/\/www.hypertera.com\/?product=rullakasipyyhe-lotus-professional-nextturn-2-krs-160-m"},"modified":"2022-07-21T15:22:42","modified_gmt":"2022-07-21T15:22:42","slug":"rullakasipyyhe-lotus-professional-nextturn-2-krs-160-m","status":"publish","type":"product","link":"https:\/\/www.hypertera.com\/?product=rullakasipyyhe-lotus-professional-nextturn-2-krs-160-m","title":{"rendered":"Rullak\u00e4sipyyhe, Lotus Professional NextTurn, 2-krs, 160 m"},"content":{"rendered":"<p>K\u00e4sipyyherulla 2-kerroksista paperia. 640 arkkia rullalla. Leveys 195 mm. Rullan pituus on 160 m. Sopii NextTurn-k\u00e4sipaperiannostelijoihin. Valkoinen, kukkakuvioinnilla. Myyd\u00e4n rullittain. Yhdess\u00e4 paketissa on 6 rullaa paperia.    Vastaava tuote Lotus Professional nextTurn rullak\u00e4sipyyhkeen kanssa.<\/p>\n","protected":false},"excerpt":{"rendered":"<p>Lotus Professional NextTurn Rullak\u00e4sipyyhe<\/p>\n","protected":false},"featured_media":2502,"comment_status":"closed","ping_status":"closed","template":"","meta":[],"product_brand":[],"product_cat":[15],"product_tag":[731],"class_list":{"0":"post-2501","1":"product","2":"type-product","3":"status-publish","4":"has-post-thumbnail","6":"product_cat-uncategorized","7":"product_tag-rullakasipyyhkeet","9":"first","10":"instock","11":"purchasable","12":"product-type-simple"},"jetpack_sharing_enabled":true,"_links":{"self":[{"href":"https:\/\/www.hypertera.com\/index.php?rest_route=\/wp\/v2\/product\/2501","targetHints":{"allow":["GET"]}}],"collection":[{"href":"https:\/\/www.hypertera.com\/index.php?rest_route=\/wp\/v2\/product"}],"about":[{"href":"https:\/\/www.hypertera.com\/index.php?rest_route=\/wp\/v2\/types\/product"}],"replies":[{"embeddable":true,"href":"https:\/\/www.hypertera.com\/index.php?rest_route=%2Fwp%2Fv2%2Fcomments&post=2501"}],"wp:featuredmedia":[{"embeddable":true,"href":"https:\/\/www.hypertera.com\/index.php?rest_route=\/wp\/v2\/media\/2502"}],"wp:attachment":[{"href":"https:\/\/www.hypertera.com\/index.php?rest_route=%2Fwp%2Fv2%2Fmedia&parent=2501"}],"wp:term":[{"taxonomy":"product_brand","embeddable":true,"href":"https:\/\/www.hypertera.com\/index.php?rest_route=%2Fwp%2Fv2%2Fproduct_brand&post=2501"},{"taxonomy":"product_cat","embeddable":true,"href":"https:\/\/www.hypertera.com\/index.php?rest_route=%2Fwp%2Fv2%2Fproduct_cat&post=2501"},{"taxonomy":"product_tag","embeddable":true,"href":"https:\/\/www.hypertera.com\/index.php?rest_route=%2Fwp%2Fv2%2Fproduct_tag&post=2501"}],"curies":[{"name":"wp","href":"https:\/\/api.w.org\/{rel}","templated":true}]}}