{"id":2489,"date":"2022-07-21T15:22:14","date_gmt":"2022-07-21T15:22:14","guid":{"rendered":"https:\/\/www.hypertera.com\/?product=riippulukko-kasp-security-50-mm-messinkia"},"modified":"2022-07-21T15:22:19","modified_gmt":"2022-07-21T15:22:19","slug":"riippulukko-kasp-security-50-mm-messinkia","status":"publish","type":"product","link":"https:\/\/www.hypertera.com\/?product=riippulukko-kasp-security-50-mm-messinkia","title":{"rendered":"Riippulukko, Kasp security, 50 mm, messinki\u00e4"},"content":{"rendered":"<p>KASP 120 -sarjan perusturvalliset lukot soveltuvat niin sis\u00e4- kuin ulkok\u00e4ytt\u00f6\u00f6n, sill\u00e4 lukkojen messinkinen runko on ruostumaton. KASP 120 -sarjan lukoilla voidaan suojata mm. kellarikomerot, kaapit, ty\u00f6kalupakit jne. KASP -turvaluokitukset 1 &#8211; 5 Perusturvallinen lukko yleisk\u00e4ytt\u00f6\u00f6n 6 &#8211; 10 Vahvarakenteinen lukko yleisk\u00e4ytt\u00f6\u00f6n 11 &#8211; 15 Erikoisvahva lukko vaativaan k\u00e4ytt\u00f6\u00f6n<\/p>\n","protected":false},"excerpt":{"rendered":"<p>KASP 120 -sarjan perusturvalliset lukot soveltuvat niin sis\u00e4- kuin ulkok\u00e4ytt\u00f6\u00f6n, sill\u00e4 lukkojen messinkinen runko on ruostumaton. KASP 120 -sarjan lukoilla voidaan suojata mm. kellarikomerot, kaapit, ty\u00f6kalupakit jne. KASP -turvaluokitukset 1 &#8211; 5 Perusturvallinen lukko yleisk\u00e4ytt\u00f6\u00f6n 6 &#8211; 10 Vahvarakenteinen lukko yleisk\u00e4ytt\u00f6\u00f6n 11 &#8211; 15 Erikoisvahva lukko vaativaan k\u00e4ytt\u00f6\u00f6n<\/p>\n","protected":false},"featured_media":2490,"comment_status":"closed","ping_status":"closed","template":"","meta":[],"product_brand":[],"product_cat":[728,212,16],"product_tag":[729],"class_list":{"0":"post-2489","1":"product","2":"type-product","3":"status-publish","4":"has-post-thumbnail","6":"product_cat-lukot-ja-ketjut","7":"product_cat-muut-tuotteet-tuotteet","8":"product_cat-tuotteet","9":"product_tag-riippulukot","11":"first","12":"instock","13":"purchasable","14":"product-type-simple"},"jetpack_sharing_enabled":true,"_links":{"self":[{"href":"https:\/\/www.hypertera.com\/index.php?rest_route=\/wp\/v2\/product\/2489","targetHints":{"allow":["GET"]}}],"collection":[{"href":"https:\/\/www.hypertera.com\/index.php?rest_route=\/wp\/v2\/product"}],"about":[{"href":"https:\/\/www.hypertera.com\/index.php?rest_route=\/wp\/v2\/types\/product"}],"replies":[{"embeddable":true,"href":"https:\/\/www.hypertera.com\/index.php?rest_route=%2Fwp%2Fv2%2Fcomments&post=2489"}],"wp:featuredmedia":[{"embeddable":true,"href":"https:\/\/www.hypertera.com\/index.php?rest_route=\/wp\/v2\/media\/2490"}],"wp:attachment":[{"href":"https:\/\/www.hypertera.com\/index.php?rest_route=%2Fwp%2Fv2%2Fmedia&parent=2489"}],"wp:term":[{"taxonomy":"product_brand","embeddable":true,"href":"https:\/\/www.hypertera.com\/index.php?rest_route=%2Fwp%2Fv2%2Fproduct_brand&post=2489"},{"taxonomy":"product_cat","embeddable":true,"href":"https:\/\/www.hypertera.com\/index.php?rest_route=%2Fwp%2Fv2%2Fproduct_cat&post=2489"},{"taxonomy":"product_tag","embeddable":true,"href":"https:\/\/www.hypertera.com\/index.php?rest_route=%2Fwp%2Fv2%2Fproduct_tag&post=2489"}],"curies":[{"name":"wp","href":"https:\/\/api.w.org\/{rel}","templated":true}]}}