{"id":2477,"date":"2022-07-21T15:21:49","date_gmt":"2022-07-21T15:21:49","guid":{"rendered":"https:\/\/www.hypertera.com\/?product=x-riippukansio-pendaflex-plus-a4-punainenpoistunut"},"modified":"2022-07-21T15:21:53","modified_gmt":"2022-07-21T15:21:53","slug":"x-riippukansio-pendaflex-plus-a4-punainenpoistunut","status":"publish","type":"product","link":"https:\/\/www.hypertera.com\/?product=x-riippukansio-pendaflex-plus-a4-punainenpoistunut","title":{"rendered":"X Riippukansio, Pendaflex Plus, A4, Punainen(POISTUNUT)"},"content":{"rendered":"<p>Punainen Pendaflex Plus-riippukansio. Plus-kansioiden materiaali on normaalia laadukkaampi.   Nimikelappu on my\u00f6s normaalia tukevampi, ja luo hitusen mukavaa v\u00e4ljyytt\u00e4 riippukansioiden v\u00e4liin.<\/p>\n","protected":false},"excerpt":{"rendered":"<p>Punainen Pendaflex Plus A4 Riippukansio<\/p>\n","protected":false},"featured_media":2478,"comment_status":"closed","ping_status":"closed","template":"","meta":[],"product_brand":[],"product_cat":[726,725,31,723,724,30,16],"product_tag":[727],"class_list":{"0":"post-2477","1":"product","2":"type-product","3":"status-publish","4":"has-post-thumbnail","6":"product_cat-erikoiskansiot-kansiot-ja-mapit-toimistotarvikkeet-riippukansiottuotteet","7":"product_cat-kansiot-ja-mapit-toimistotarvikkeet-riippukansiottuotteet","8":"product_cat-kansiot-ja-mapit","9":"product_cat-riippukansiottuotteet","10":"product_cat-toimistotarvikkeet-riippukansiottuotteet","11":"product_cat-toimistotarvikkeet","12":"product_cat-tuotteet","13":"product_tag-riippukansiot","15":"first","16":"instock","17":"purchasable","18":"product-type-simple"},"jetpack_sharing_enabled":true,"_links":{"self":[{"href":"https:\/\/www.hypertera.com\/index.php?rest_route=\/wp\/v2\/product\/2477","targetHints":{"allow":["GET"]}}],"collection":[{"href":"https:\/\/www.hypertera.com\/index.php?rest_route=\/wp\/v2\/product"}],"about":[{"href":"https:\/\/www.hypertera.com\/index.php?rest_route=\/wp\/v2\/types\/product"}],"replies":[{"embeddable":true,"href":"https:\/\/www.hypertera.com\/index.php?rest_route=%2Fwp%2Fv2%2Fcomments&post=2477"}],"wp:featuredmedia":[{"embeddable":true,"href":"https:\/\/www.hypertera.com\/index.php?rest_route=\/wp\/v2\/media\/2478"}],"wp:attachment":[{"href":"https:\/\/www.hypertera.com\/index.php?rest_route=%2Fwp%2Fv2%2Fmedia&parent=2477"}],"wp:term":[{"taxonomy":"product_brand","embeddable":true,"href":"https:\/\/www.hypertera.com\/index.php?rest_route=%2Fwp%2Fv2%2Fproduct_brand&post=2477"},{"taxonomy":"product_cat","embeddable":true,"href":"https:\/\/www.hypertera.com\/index.php?rest_route=%2Fwp%2Fv2%2Fproduct_cat&post=2477"},{"taxonomy":"product_tag","embeddable":true,"href":"https:\/\/www.hypertera.com\/index.php?rest_route=%2Fwp%2Fv2%2Fproduct_tag&post=2477"}],"curies":[{"name":"wp","href":"https:\/\/api.w.org\/{rel}","templated":true}]}}