{"id":2473,"date":"2022-07-21T15:21:32","date_gmt":"2022-07-21T15:21:32","guid":{"rendered":"https:\/\/www.hypertera.com\/?product=riippukansio-a4-kraft-varjaamaton-ruskea"},"modified":"2022-07-21T15:21:39","modified_gmt":"2022-07-21T15:21:39","slug":"riippukansio-a4-kraft-varjaamaton-ruskea","status":"publish","type":"product","link":"https:\/\/www.hypertera.com\/?product=riippukansio-a4-kraft-varjaamaton-ruskea","title":{"rendered":"Riippukansio, A4, kraft \/ v\u00e4rj\u00e4\u00e4m\u00e4t\u00f6n ruskea"},"content":{"rendered":"<p>Kest\u00e4v\u00e4 riippukansio 200 g\/m 2 kansiokartongista. Ruskeaa v\u00e4rj\u00e4\u00e4m\u00e4t\u00f6nt\u00e4 Kraft-kartonkia. Vahva muovinen orsi. Mukana tulee l\u00e4pin\u00e4kyv\u00e4 otsakepidin sek\u00e4 valkoinen tarraetiksetti. A4-arkkien s\u00e4ilytykseen. Riippukansion koko 310 x 234 mm.<\/p>\n","protected":false},"excerpt":{"rendered":"<p>Kraft \/ v\u00e4rj\u00e4\u00e4m\u00e4t\u00f6n ruskea F-Office A4 Riippukansio<\/p>\n","protected":false},"featured_media":2474,"comment_status":"closed","ping_status":"closed","template":"","meta":[],"product_brand":[],"product_cat":[726,31,725,723,724,30,16],"product_tag":[727],"class_list":{"0":"post-2473","1":"product","2":"type-product","3":"status-publish","4":"has-post-thumbnail","6":"product_cat-erikoiskansiot-kansiot-ja-mapit-toimistotarvikkeet-riippukansiottuotteet","7":"product_cat-kansiot-ja-mapit","8":"product_cat-kansiot-ja-mapit-toimistotarvikkeet-riippukansiottuotteet","9":"product_cat-riippukansiottuotteet","10":"product_cat-toimistotarvikkeet-riippukansiottuotteet","11":"product_cat-toimistotarvikkeet","12":"product_cat-tuotteet","13":"product_tag-riippukansiot","15":"first","16":"instock","17":"purchasable","18":"product-type-simple"},"jetpack_sharing_enabled":true,"_links":{"self":[{"href":"https:\/\/www.hypertera.com\/index.php?rest_route=\/wp\/v2\/product\/2473","targetHints":{"allow":["GET"]}}],"collection":[{"href":"https:\/\/www.hypertera.com\/index.php?rest_route=\/wp\/v2\/product"}],"about":[{"href":"https:\/\/www.hypertera.com\/index.php?rest_route=\/wp\/v2\/types\/product"}],"replies":[{"embeddable":true,"href":"https:\/\/www.hypertera.com\/index.php?rest_route=%2Fwp%2Fv2%2Fcomments&post=2473"}],"wp:featuredmedia":[{"embeddable":true,"href":"https:\/\/www.hypertera.com\/index.php?rest_route=\/wp\/v2\/media\/2474"}],"wp:attachment":[{"href":"https:\/\/www.hypertera.com\/index.php?rest_route=%2Fwp%2Fv2%2Fmedia&parent=2473"}],"wp:term":[{"taxonomy":"product_brand","embeddable":true,"href":"https:\/\/www.hypertera.com\/index.php?rest_route=%2Fwp%2Fv2%2Fproduct_brand&post=2473"},{"taxonomy":"product_cat","embeddable":true,"href":"https:\/\/www.hypertera.com\/index.php?rest_route=%2Fwp%2Fv2%2Fproduct_cat&post=2473"},{"taxonomy":"product_tag","embeddable":true,"href":"https:\/\/www.hypertera.com\/index.php?rest_route=%2Fwp%2Fv2%2Fproduct_tag&post=2473"}],"curies":[{"name":"wp","href":"https:\/\/api.w.org\/{rel}","templated":true}]}}