{"id":247,"date":"2022-07-21T13:43:43","date_gmt":"2022-07-21T13:43:43","guid":{"rendered":"https:\/\/www.hypertera.com\/?product=etiketti-avery-16-020-18x22-1440"},"modified":"2022-07-21T13:45:25","modified_gmt":"2022-07-21T13:45:25","slug":"etiketti-avery-16-020-18x22-1440","status":"publish","type":"product","link":"https:\/\/www.hypertera.com\/?product=etiketti-avery-16-020-18x22-1440","title":{"rendered":"Etiketti, Avery 16-020, 18&#215;22\/1440"},"content":{"rendered":"<p>Monik\u00e4ytt\u00f6isi\u00e4 valkoisia etikettej\u00e4 joilla merkitset kirjeet, kansiot ja muut kohteet. N\u00e4ille etiketeille voit kirjoittaa k\u00e4sin. Etiketeiss\u00e4 on pysyv\u00e4 liima.  Tarrojen koko: 22 x 18 mm<\/p>\n","protected":false},"excerpt":{"rendered":"<p>Monik\u00e4ytt\u00f6isi\u00e4 valkoisia etikettej\u00e4 joilla merkitset kirjeet, kansiot ja muut kohteet. N\u00e4ille etiketeille voit kirjoittaa k\u00e4sin. Etiketeiss\u00e4 on pysyv\u00e4 liima. Tarrojen koko: 22 x 18 mm<\/p>\n","protected":false},"featured_media":248,"comment_status":"closed","ping_status":"closed","template":"","meta":[],"product_brand":[],"product_cat":[104,126,30,16],"product_tag":[127],"class_list":{"0":"post-247","1":"product","2":"type-product","3":"status-publish","4":"has-post-thumbnail","6":"product_cat-etiketit-tarrat-ja-nimilappukotelot","7":"product_cat-manuaaliset-erikoistarrat","8":"product_cat-toimistotarvikkeet","9":"product_cat-tuotteet","10":"product_tag-etiketit","12":"first","13":"instock","14":"purchasable","15":"product-type-simple"},"jetpack_sharing_enabled":true,"_links":{"self":[{"href":"https:\/\/www.hypertera.com\/index.php?rest_route=\/wp\/v2\/product\/247","targetHints":{"allow":["GET"]}}],"collection":[{"href":"https:\/\/www.hypertera.com\/index.php?rest_route=\/wp\/v2\/product"}],"about":[{"href":"https:\/\/www.hypertera.com\/index.php?rest_route=\/wp\/v2\/types\/product"}],"replies":[{"embeddable":true,"href":"https:\/\/www.hypertera.com\/index.php?rest_route=%2Fwp%2Fv2%2Fcomments&post=247"}],"wp:featuredmedia":[{"embeddable":true,"href":"https:\/\/www.hypertera.com\/index.php?rest_route=\/wp\/v2\/media\/248"}],"wp:attachment":[{"href":"https:\/\/www.hypertera.com\/index.php?rest_route=%2Fwp%2Fv2%2Fmedia&parent=247"}],"wp:term":[{"taxonomy":"product_brand","embeddable":true,"href":"https:\/\/www.hypertera.com\/index.php?rest_route=%2Fwp%2Fv2%2Fproduct_brand&post=247"},{"taxonomy":"product_cat","embeddable":true,"href":"https:\/\/www.hypertera.com\/index.php?rest_route=%2Fwp%2Fv2%2Fproduct_cat&post=247"},{"taxonomy":"product_tag","embeddable":true,"href":"https:\/\/www.hypertera.com\/index.php?rest_route=%2Fwp%2Fv2%2Fproduct_tag&post=247"}],"curies":[{"name":"wp","href":"https:\/\/api.w.org\/{rel}","templated":true}]}}