{"id":2469,"date":"2022-07-21T15:21:32","date_gmt":"2022-07-21T15:21:32","guid":{"rendered":"https:\/\/www.hypertera.com\/?product=rengaskansio-forpus-a4-muovi-violetti"},"modified":"2022-07-21T15:21:34","modified_gmt":"2022-07-21T15:21:34","slug":"rengaskansio-forpus-a4-muovi-violetti","status":"publish","type":"product","link":"https:\/\/www.hypertera.com\/?product=rengaskansio-forpus-a4-muovi-violetti","title":{"rendered":"Rengaskansio, Forpus, A4, muovi, violetti"},"content":{"rendered":"<p>Muovipintainen kapea rengaskansio. Py\u00f6re\u00e4n renkaan halkaisija 25mm. Sel\u00e4ss\u00e4 korttitasku. Sel\u00e4n leveys 35 mm. V\u00e4ri pirte\u00e4n violetti. Kansioita on saatavana usean v\u00e4risen\u00e4.<\/p>\n","protected":false},"excerpt":{"rendered":"<p>violetti Forpus Rengaskansio, A4, muovi,<\/p>\n","protected":false},"featured_media":2470,"comment_status":"closed","ping_status":"closed","template":"","meta":[],"product_brand":[],"product_cat":[718,31,720,721,719,30,16],"product_tag":[722],"class_list":{"0":"post-2469","1":"product","2":"type-product","3":"status-publish","4":"has-post-thumbnail","6":"product_cat-erikoiskansiottuotteet","7":"product_cat-kansiot-ja-mapit","8":"product_cat-kansiot-ja-mapit-toimistotarvikkeet-erikoiskansiottuotteet","9":"product_cat-rengaskansiot","10":"product_cat-toimistotarvikkeet-erikoiskansiottuotteet","11":"product_cat-toimistotarvikkeet","12":"product_cat-tuotteet","13":"product_tag-rengaskansiot","15":"first","16":"instock","17":"purchasable","18":"product-type-simple"},"jetpack_sharing_enabled":true,"_links":{"self":[{"href":"https:\/\/www.hypertera.com\/index.php?rest_route=\/wp\/v2\/product\/2469","targetHints":{"allow":["GET"]}}],"collection":[{"href":"https:\/\/www.hypertera.com\/index.php?rest_route=\/wp\/v2\/product"}],"about":[{"href":"https:\/\/www.hypertera.com\/index.php?rest_route=\/wp\/v2\/types\/product"}],"replies":[{"embeddable":true,"href":"https:\/\/www.hypertera.com\/index.php?rest_route=%2Fwp%2Fv2%2Fcomments&post=2469"}],"wp:featuredmedia":[{"embeddable":true,"href":"https:\/\/www.hypertera.com\/index.php?rest_route=\/wp\/v2\/media\/2470"}],"wp:attachment":[{"href":"https:\/\/www.hypertera.com\/index.php?rest_route=%2Fwp%2Fv2%2Fmedia&parent=2469"}],"wp:term":[{"taxonomy":"product_brand","embeddable":true,"href":"https:\/\/www.hypertera.com\/index.php?rest_route=%2Fwp%2Fv2%2Fproduct_brand&post=2469"},{"taxonomy":"product_cat","embeddable":true,"href":"https:\/\/www.hypertera.com\/index.php?rest_route=%2Fwp%2Fv2%2Fproduct_cat&post=2469"},{"taxonomy":"product_tag","embeddable":true,"href":"https:\/\/www.hypertera.com\/index.php?rest_route=%2Fwp%2Fv2%2Fproduct_tag&post=2469"}],"curies":[{"name":"wp","href":"https:\/\/api.w.org\/{rel}","templated":true}]}}