{"id":2460,"date":"2022-07-21T15:21:17","date_gmt":"2022-07-21T15:21:17","guid":{"rendered":"https:\/\/www.hypertera.com\/?product=rengaskansio-forpus-2-rengasta-a4-harmaa-kierratysmuovia"},"modified":"2022-07-21T15:21:19","modified_gmt":"2022-07-21T15:21:19","slug":"rengaskansio-forpus-2-rengasta-a4-harmaa-kierratysmuovia","status":"publish","type":"product","link":"https:\/\/www.hypertera.com\/?product=rengaskansio-forpus-2-rengasta-a4-harmaa-kierratysmuovia","title":{"rendered":"Rengaskansio, Forpus, 2 rengasta, A4, harmaa, kierr\u00e4tysmuovia"},"content":{"rendered":"<p>K\u00e4yt\u00e4nn\u00f6llinen A4-kokoinen rengaskansio asiakirjojen s\u00e4ilytykseen ja kuljetukseen. Tehty ohuesta kierr\u00e4tysmuovista. Muovin paksuus 0.97 mm. Py\u00f6reiden, &quot;O&quot;-muotoisten renkaiden halkaisija on 16 mm. Kansion selk\u00e4myksen leveys on 20 mm. Kolme muovitaskua: A4-tasku kannessa, nimiketasku selk\u00e4myksess\u00e4 ja kannen sis\u00e4puolella pieni tasku muistiinpanoille. Kansion paino on 211g.<\/p>\n","protected":false},"excerpt":{"rendered":"<p>Forpus Rengaskansio, harmaa, 2 rengasta, A4<\/p>\n","protected":false},"featured_media":0,"comment_status":"closed","ping_status":"closed","template":"","meta":[],"product_brand":[],"product_cat":[718,720,31,721,719,30,16],"product_tag":[722],"class_list":{"0":"post-2460","1":"product","2":"type-product","3":"status-publish","5":"product_cat-erikoiskansiottuotteet","6":"product_cat-kansiot-ja-mapit-toimistotarvikkeet-erikoiskansiottuotteet","7":"product_cat-kansiot-ja-mapit","8":"product_cat-rengaskansiot","9":"product_cat-toimistotarvikkeet-erikoiskansiottuotteet","10":"product_cat-toimistotarvikkeet","11":"product_cat-tuotteet","12":"product_tag-rengaskansiot","14":"first","15":"instock","16":"purchasable","17":"product-type-simple"},"jetpack_sharing_enabled":true,"_links":{"self":[{"href":"https:\/\/www.hypertera.com\/index.php?rest_route=\/wp\/v2\/product\/2460","targetHints":{"allow":["GET"]}}],"collection":[{"href":"https:\/\/www.hypertera.com\/index.php?rest_route=\/wp\/v2\/product"}],"about":[{"href":"https:\/\/www.hypertera.com\/index.php?rest_route=\/wp\/v2\/types\/product"}],"replies":[{"embeddable":true,"href":"https:\/\/www.hypertera.com\/index.php?rest_route=%2Fwp%2Fv2%2Fcomments&post=2460"}],"wp:attachment":[{"href":"https:\/\/www.hypertera.com\/index.php?rest_route=%2Fwp%2Fv2%2Fmedia&parent=2460"}],"wp:term":[{"taxonomy":"product_brand","embeddable":true,"href":"https:\/\/www.hypertera.com\/index.php?rest_route=%2Fwp%2Fv2%2Fproduct_brand&post=2460"},{"taxonomy":"product_cat","embeddable":true,"href":"https:\/\/www.hypertera.com\/index.php?rest_route=%2Fwp%2Fv2%2Fproduct_cat&post=2460"},{"taxonomy":"product_tag","embeddable":true,"href":"https:\/\/www.hypertera.com\/index.php?rest_route=%2Fwp%2Fv2%2Fproduct_tag&post=2460"}],"curies":[{"name":"wp","href":"https:\/\/api.w.org\/{rel}","templated":true}]}}