{"id":2459,"date":"2022-07-21T15:21:17","date_gmt":"2022-07-21T15:21:17","guid":{"rendered":"https:\/\/www.hypertera.com\/?product=rengaskansio-forpus-2-rengasta-a4-harmaa"},"modified":"2022-07-21T15:21:18","modified_gmt":"2022-07-21T15:21:18","slug":"rengaskansio-forpus-2-rengasta-a4-harmaa","status":"publish","type":"product","link":"https:\/\/www.hypertera.com\/?product=rengaskansio-forpus-2-rengasta-a4-harmaa","title":{"rendered":"Rengaskansio, Forpus, 2 rengasta, A4, harmaa"},"content":{"rendered":"<p>Muovipintainen rengaskansio. Py\u00f6re\u00e4n renkaan halkaisija 25mm. Sel\u00e4ss\u00e4 korttitasku. Sel\u00e4n leveys 35 mm. V\u00e4ri harmaa<\/p>\n","protected":false},"excerpt":{"rendered":"<p>Harmaa Forpus Rengaskansio, 2 rengasta, A4<\/p>\n","protected":false},"featured_media":0,"comment_status":"closed","ping_status":"closed","template":"","meta":[],"product_brand":[],"product_cat":[718,720,31,721,719,30,16],"product_tag":[722],"class_list":{"0":"post-2459","1":"product","2":"type-product","3":"status-publish","5":"product_cat-erikoiskansiottuotteet","6":"product_cat-kansiot-ja-mapit-toimistotarvikkeet-erikoiskansiottuotteet","7":"product_cat-kansiot-ja-mapit","8":"product_cat-rengaskansiot","9":"product_cat-toimistotarvikkeet-erikoiskansiottuotteet","10":"product_cat-toimistotarvikkeet","11":"product_cat-tuotteet","12":"product_tag-rengaskansiot","14":"first","15":"instock","16":"purchasable","17":"product-type-simple"},"jetpack_sharing_enabled":true,"_links":{"self":[{"href":"https:\/\/www.hypertera.com\/index.php?rest_route=\/wp\/v2\/product\/2459","targetHints":{"allow":["GET"]}}],"collection":[{"href":"https:\/\/www.hypertera.com\/index.php?rest_route=\/wp\/v2\/product"}],"about":[{"href":"https:\/\/www.hypertera.com\/index.php?rest_route=\/wp\/v2\/types\/product"}],"replies":[{"embeddable":true,"href":"https:\/\/www.hypertera.com\/index.php?rest_route=%2Fwp%2Fv2%2Fcomments&post=2459"}],"wp:attachment":[{"href":"https:\/\/www.hypertera.com\/index.php?rest_route=%2Fwp%2Fv2%2Fmedia&parent=2459"}],"wp:term":[{"taxonomy":"product_brand","embeddable":true,"href":"https:\/\/www.hypertera.com\/index.php?rest_route=%2Fwp%2Fv2%2Fproduct_brand&post=2459"},{"taxonomy":"product_cat","embeddable":true,"href":"https:\/\/www.hypertera.com\/index.php?rest_route=%2Fwp%2Fv2%2Fproduct_cat&post=2459"},{"taxonomy":"product_tag","embeddable":true,"href":"https:\/\/www.hypertera.com\/index.php?rest_route=%2Fwp%2Fv2%2Fproduct_tag&post=2459"}],"curies":[{"name":"wp","href":"https:\/\/api.w.org\/{rel}","templated":true}]}}