{"id":2451,"date":"2022-07-21T15:20:53","date_gmt":"2022-07-21T15:20:53","guid":{"rendered":"https:\/\/www.hypertera.com\/?product=rengaskansio-a4-20-mm-kierratysmuovi-3-taskua-musta"},"modified":"2022-07-21T15:20:55","modified_gmt":"2022-07-21T15:20:55","slug":"rengaskansio-a4-20-mm-kierratysmuovi-3-taskua-musta","status":"publish","type":"product","link":"https:\/\/www.hypertera.com\/?product=rengaskansio-a4-20-mm-kierratysmuovi-3-taskua-musta","title":{"rendered":"Rengaskansio, A4, 20 mm, kierr\u00e4tysmuovi, 3 taskua, musta"},"content":{"rendered":"<p>K\u00e4yt\u00e4nn\u00f6llinen A4-kokoinen rengaskansio asiakirjojen s\u00e4ilytykseen ja kuljetukseen. Tehty ohuesta kierr\u00e4tysmuovista. Muovin paksuus 0.97 mm. Py\u00f6reiden, &quot;O&quot;-muotoisten renkaiden halkaisija on 16 mm. Kansion selk\u00e4myksen leveys on 20 mm.  Kolme muovitaskua: A4-tasku kannessa, nimiketasku selk\u00e4myksess\u00e4 ja kannen sis\u00e4puolella pieni tasku muistiinpanoille.<\/p>\n","protected":false},"excerpt":{"rendered":"<p>20 mm musta rengaskansio kierr\u00e4tysmuovista<\/p>\n","protected":false},"featured_media":2452,"comment_status":"closed","ping_status":"closed","template":"","meta":[],"product_brand":[],"product_cat":[718,31,720,721,719,30,16],"product_tag":[722],"class_list":{"0":"post-2451","1":"product","2":"type-product","3":"status-publish","4":"has-post-thumbnail","6":"product_cat-erikoiskansiottuotteet","7":"product_cat-kansiot-ja-mapit","8":"product_cat-kansiot-ja-mapit-toimistotarvikkeet-erikoiskansiottuotteet","9":"product_cat-rengaskansiot","10":"product_cat-toimistotarvikkeet-erikoiskansiottuotteet","11":"product_cat-toimistotarvikkeet","12":"product_cat-tuotteet","13":"product_tag-rengaskansiot","15":"first","16":"instock","17":"purchasable","18":"product-type-simple"},"jetpack_sharing_enabled":true,"_links":{"self":[{"href":"https:\/\/www.hypertera.com\/index.php?rest_route=\/wp\/v2\/product\/2451","targetHints":{"allow":["GET"]}}],"collection":[{"href":"https:\/\/www.hypertera.com\/index.php?rest_route=\/wp\/v2\/product"}],"about":[{"href":"https:\/\/www.hypertera.com\/index.php?rest_route=\/wp\/v2\/types\/product"}],"replies":[{"embeddable":true,"href":"https:\/\/www.hypertera.com\/index.php?rest_route=%2Fwp%2Fv2%2Fcomments&post=2451"}],"wp:featuredmedia":[{"embeddable":true,"href":"https:\/\/www.hypertera.com\/index.php?rest_route=\/wp\/v2\/media\/2452"}],"wp:attachment":[{"href":"https:\/\/www.hypertera.com\/index.php?rest_route=%2Fwp%2Fv2%2Fmedia&parent=2451"}],"wp:term":[{"taxonomy":"product_brand","embeddable":true,"href":"https:\/\/www.hypertera.com\/index.php?rest_route=%2Fwp%2Fv2%2Fproduct_brand&post=2451"},{"taxonomy":"product_cat","embeddable":true,"href":"https:\/\/www.hypertera.com\/index.php?rest_route=%2Fwp%2Fv2%2Fproduct_cat&post=2451"},{"taxonomy":"product_tag","embeddable":true,"href":"https:\/\/www.hypertera.com\/index.php?rest_route=%2Fwp%2Fv2%2Fproduct_tag&post=2451"}],"curies":[{"name":"wp","href":"https:\/\/api.w.org\/{rel}","templated":true}]}}