{"id":2443,"date":"2022-07-21T15:20:43","date_gmt":"2022-07-21T15:20:43","guid":{"rendered":"https:\/\/www.hypertera.com\/?product=rca-johto-rca-3-5mm-2m-musta"},"modified":"2022-07-21T15:20:46","modified_gmt":"2022-07-21T15:20:46","slug":"rca-johto-rca-3-5mm-2m-musta","status":"publish","type":"product","link":"https:\/\/www.hypertera.com\/?product=rca-johto-rca-3-5mm-2m-musta","title":{"rendered":"RCA-johto, RCA-3.5mm, 2m, musta"},"content":{"rendered":"<p>2 metri\u00e4 pitk\u00e4 RCA-3,5mm johto. 3,5mm jack-liit\u00e4nt\u00e4 k\u00e4y tietokoneisiin ja mp3-soittimiin, kannettaviin soittimiin. T\u00e4ll\u00e4 johdolla voit liitt\u00e4\u00e4 musiikkisoittimesi vahvistimeen, televisioon tai radioon.<\/p>\n","protected":false},"excerpt":{"rendered":"<p>Musta RCA-3.5mm 2m RCA-johto<\/p>\n","protected":false},"featured_media":2444,"comment_status":"closed","ping_status":"closed","template":"","meta":[],"product_brand":[],"product_cat":[15],"product_tag":[717],"class_list":{"0":"post-2443","1":"product","2":"type-product","3":"status-publish","4":"has-post-thumbnail","6":"product_cat-uncategorized","7":"product_tag-rca-johdot","9":"first","10":"instock","11":"purchasable","12":"product-type-simple"},"jetpack_sharing_enabled":true,"_links":{"self":[{"href":"https:\/\/www.hypertera.com\/index.php?rest_route=\/wp\/v2\/product\/2443","targetHints":{"allow":["GET"]}}],"collection":[{"href":"https:\/\/www.hypertera.com\/index.php?rest_route=\/wp\/v2\/product"}],"about":[{"href":"https:\/\/www.hypertera.com\/index.php?rest_route=\/wp\/v2\/types\/product"}],"replies":[{"embeddable":true,"href":"https:\/\/www.hypertera.com\/index.php?rest_route=%2Fwp%2Fv2%2Fcomments&post=2443"}],"wp:featuredmedia":[{"embeddable":true,"href":"https:\/\/www.hypertera.com\/index.php?rest_route=\/wp\/v2\/media\/2444"}],"wp:attachment":[{"href":"https:\/\/www.hypertera.com\/index.php?rest_route=%2Fwp%2Fv2%2Fmedia&parent=2443"}],"wp:term":[{"taxonomy":"product_brand","embeddable":true,"href":"https:\/\/www.hypertera.com\/index.php?rest_route=%2Fwp%2Fv2%2Fproduct_brand&post=2443"},{"taxonomy":"product_cat","embeddable":true,"href":"https:\/\/www.hypertera.com\/index.php?rest_route=%2Fwp%2Fv2%2Fproduct_cat&post=2443"},{"taxonomy":"product_tag","embeddable":true,"href":"https:\/\/www.hypertera.com\/index.php?rest_route=%2Fwp%2Fv2%2Fproduct_tag&post=2443"}],"curies":[{"name":"wp","href":"https:\/\/api.w.org\/{rel}","templated":true}]}}