{"id":2441,"date":"2022-07-21T15:20:43","date_gmt":"2022-07-21T15:20:43","guid":{"rendered":"https:\/\/www.hypertera.com\/?product=rca-johto-3-5mm-uros-rca-uros-musta"},"modified":"2022-07-21T15:20:45","modified_gmt":"2022-07-21T15:20:45","slug":"rca-johto-3-5mm-uros-rca-uros-musta","status":"publish","type":"product","link":"https:\/\/www.hypertera.com\/?product=rca-johto-3-5mm-uros-rca-uros-musta","title":{"rendered":"RCA-johto, 3.5mm uros \/ RCA uros, musta"},"content":{"rendered":"<p>15 metri\u00e4 pitk\u00e4 musta stereojohto. RCA uros &#8211; 3,5mm uros. Liit\u00e4 tietokoneesi, mp3-soittimesi, puhelimesi tai kannettava soittimesi 3,5mm stereoliittimell\u00e4 vahvistimeen tai radioon. Johdossa 3,5mm stereo uros liitin ja kaksi RCA uros-liitint\u00e4 stereo\u00e4\u00e4nelle(vasen-oikea).<\/p>\n","protected":false},"excerpt":{"rendered":"<p>Musta 3.5mm uros \/ RCA uros RCA-johto<\/p>\n","protected":false},"featured_media":2442,"comment_status":"closed","ping_status":"closed","template":"","meta":[],"product_brand":[],"product_cat":[15],"product_tag":[717],"class_list":{"0":"post-2441","1":"product","2":"type-product","3":"status-publish","4":"has-post-thumbnail","6":"product_cat-uncategorized","7":"product_tag-rca-johdot","9":"first","10":"instock","11":"purchasable","12":"product-type-simple"},"jetpack_sharing_enabled":true,"_links":{"self":[{"href":"https:\/\/www.hypertera.com\/index.php?rest_route=\/wp\/v2\/product\/2441","targetHints":{"allow":["GET"]}}],"collection":[{"href":"https:\/\/www.hypertera.com\/index.php?rest_route=\/wp\/v2\/product"}],"about":[{"href":"https:\/\/www.hypertera.com\/index.php?rest_route=\/wp\/v2\/types\/product"}],"replies":[{"embeddable":true,"href":"https:\/\/www.hypertera.com\/index.php?rest_route=%2Fwp%2Fv2%2Fcomments&post=2441"}],"wp:featuredmedia":[{"embeddable":true,"href":"https:\/\/www.hypertera.com\/index.php?rest_route=\/wp\/v2\/media\/2442"}],"wp:attachment":[{"href":"https:\/\/www.hypertera.com\/index.php?rest_route=%2Fwp%2Fv2%2Fmedia&parent=2441"}],"wp:term":[{"taxonomy":"product_brand","embeddable":true,"href":"https:\/\/www.hypertera.com\/index.php?rest_route=%2Fwp%2Fv2%2Fproduct_brand&post=2441"},{"taxonomy":"product_cat","embeddable":true,"href":"https:\/\/www.hypertera.com\/index.php?rest_route=%2Fwp%2Fv2%2Fproduct_cat&post=2441"},{"taxonomy":"product_tag","embeddable":true,"href":"https:\/\/www.hypertera.com\/index.php?rest_route=%2Fwp%2Fv2%2Fproduct_tag&post=2441"}],"curies":[{"name":"wp","href":"https:\/\/api.w.org\/{rel}","templated":true}]}}