{"id":2435,"date":"2022-07-21T15:20:33","date_gmt":"2022-07-21T15:20:33","guid":{"rendered":"https:\/\/www.hypertera.com\/?product=rannetuki-geeli-nappaimisto"},"modified":"2022-07-21T15:20:38","modified_gmt":"2022-07-21T15:20:38","slug":"rannetuki-geeli-nappaimisto","status":"publish","type":"product","link":"https:\/\/www.hypertera.com\/?product=rannetuki-geeli-nappaimisto","title":{"rendered":"Rannetuki, Geeli, n\u00e4pp\u00e4imist\u00f6"},"content":{"rendered":"<p>Geelit\u00e4ytteinen rannetuki n\u00e4pp\u00e4imist\u00f6lle. Koko 420x70x20mm<\/p>\n","protected":false},"excerpt":{"rendered":"<p>Geelit\u00e4ytteinen rannetuki n\u00e4pp\u00e4imist\u00f6lle. Koko 420x70x20mm<\/p>\n","protected":false},"featured_media":2436,"comment_status":"closed","ping_status":"closed","template":"","meta":[],"product_brand":[],"product_cat":[22,155,16],"product_tag":[716],"class_list":{"0":"post-2435","1":"product","2":"type-product","3":"status-publish","4":"has-post-thumbnail","6":"product_cat-ergonomia","7":"product_cat-hiirialustat-ja-rannetuet","8":"product_cat-tuotteet","9":"product_tag-rannetuet","11":"first","12":"instock","13":"purchasable","14":"product-type-simple"},"jetpack_sharing_enabled":true,"_links":{"self":[{"href":"https:\/\/www.hypertera.com\/index.php?rest_route=\/wp\/v2\/product\/2435","targetHints":{"allow":["GET"]}}],"collection":[{"href":"https:\/\/www.hypertera.com\/index.php?rest_route=\/wp\/v2\/product"}],"about":[{"href":"https:\/\/www.hypertera.com\/index.php?rest_route=\/wp\/v2\/types\/product"}],"replies":[{"embeddable":true,"href":"https:\/\/www.hypertera.com\/index.php?rest_route=%2Fwp%2Fv2%2Fcomments&post=2435"}],"wp:featuredmedia":[{"embeddable":true,"href":"https:\/\/www.hypertera.com\/index.php?rest_route=\/wp\/v2\/media\/2436"}],"wp:attachment":[{"href":"https:\/\/www.hypertera.com\/index.php?rest_route=%2Fwp%2Fv2%2Fmedia&parent=2435"}],"wp:term":[{"taxonomy":"product_brand","embeddable":true,"href":"https:\/\/www.hypertera.com\/index.php?rest_route=%2Fwp%2Fv2%2Fproduct_brand&post=2435"},{"taxonomy":"product_cat","embeddable":true,"href":"https:\/\/www.hypertera.com\/index.php?rest_route=%2Fwp%2Fv2%2Fproduct_cat&post=2435"},{"taxonomy":"product_tag","embeddable":true,"href":"https:\/\/www.hypertera.com\/index.php?rest_route=%2Fwp%2Fv2%2Fproduct_tag&post=2435"}],"curies":[{"name":"wp","href":"https:\/\/api.w.org\/{rel}","templated":true}]}}