{"id":2433,"date":"2022-07-21T15:20:33","date_gmt":"2022-07-21T15:20:33","guid":{"rendered":"https:\/\/www.hypertera.com\/?product=rannekoru-tummin-kivi-ja-helmikoristein"},"modified":"2022-07-21T15:20:37","modified_gmt":"2022-07-21T15:20:37","slug":"rannekoru-tummin-kivi-ja-helmikoristein","status":"publish","type":"product","link":"https:\/\/www.hypertera.com\/?product=rannekoru-tummin-kivi-ja-helmikoristein","title":{"rendered":"Rannekoru, Tummin kivi- ja helmikoristein"},"content":{"rendered":"<p>Naisten tyylik\u00e4s rannekoru tummin kivi- ja helmikoristein. Rannekorun pituutta voidaan s\u00e4\u00e4t\u00e4\u00e4.<\/p>\n","protected":false},"excerpt":{"rendered":"<p>Rannekoru tummin kivi- ja helmikoristein<\/p>\n","protected":false},"featured_media":2434,"comment_status":"closed","ping_status":"closed","template":"","meta":[],"product_brand":[],"product_cat":[15],"product_tag":[715],"class_list":{"0":"post-2433","1":"product","2":"type-product","3":"status-publish","4":"has-post-thumbnail","6":"product_cat-uncategorized","7":"product_tag-rannekorut","9":"first","10":"instock","11":"purchasable","12":"product-type-simple"},"jetpack_sharing_enabled":true,"_links":{"self":[{"href":"https:\/\/www.hypertera.com\/index.php?rest_route=\/wp\/v2\/product\/2433","targetHints":{"allow":["GET"]}}],"collection":[{"href":"https:\/\/www.hypertera.com\/index.php?rest_route=\/wp\/v2\/product"}],"about":[{"href":"https:\/\/www.hypertera.com\/index.php?rest_route=\/wp\/v2\/types\/product"}],"replies":[{"embeddable":true,"href":"https:\/\/www.hypertera.com\/index.php?rest_route=%2Fwp%2Fv2%2Fcomments&post=2433"}],"wp:featuredmedia":[{"embeddable":true,"href":"https:\/\/www.hypertera.com\/index.php?rest_route=\/wp\/v2\/media\/2434"}],"wp:attachment":[{"href":"https:\/\/www.hypertera.com\/index.php?rest_route=%2Fwp%2Fv2%2Fmedia&parent=2433"}],"wp:term":[{"taxonomy":"product_brand","embeddable":true,"href":"https:\/\/www.hypertera.com\/index.php?rest_route=%2Fwp%2Fv2%2Fproduct_brand&post=2433"},{"taxonomy":"product_cat","embeddable":true,"href":"https:\/\/www.hypertera.com\/index.php?rest_route=%2Fwp%2Fv2%2Fproduct_cat&post=2433"},{"taxonomy":"product_tag","embeddable":true,"href":"https:\/\/www.hypertera.com\/index.php?rest_route=%2Fwp%2Fv2%2Fproduct_tag&post=2433"}],"curies":[{"name":"wp","href":"https:\/\/api.w.org\/{rel}","templated":true}]}}