{"id":2425,"date":"2022-07-21T15:20:14","date_gmt":"2022-07-21T15:20:14","guid":{"rendered":"https:\/\/www.hypertera.com\/?product=rannekoru-avaimet-sydameesi"},"modified":"2022-07-21T15:20:28","modified_gmt":"2022-07-21T15:20:28","slug":"rannekoru-avaimet-sydameesi","status":"publish","type":"product","link":"https:\/\/www.hypertera.com\/?product=rannekoru-avaimet-sydameesi","title":{"rendered":"Rannekoru, &#8220;Avaimet syd\u00e4meesi&#8221;"},"content":{"rendered":"<p>Naisten metallinen rannekoru, jossa on sinisi\u00e4 helmikoristeita sek\u00e4 avainsymboleita. N\u00e4tti s\u00e4\u00e4dett\u00e4v\u00e4 rannekoru.<\/p>\n","protected":false},"excerpt":{"rendered":"<p>Rannekoru &#8220;Avaimet syd\u00e4meesi&#8221;<\/p>\n","protected":false},"featured_media":2426,"comment_status":"closed","ping_status":"closed","template":"","meta":[],"product_brand":[],"product_cat":[15],"product_tag":[715],"class_list":{"0":"post-2425","1":"product","2":"type-product","3":"status-publish","4":"has-post-thumbnail","6":"product_cat-uncategorized","7":"product_tag-rannekorut","9":"first","10":"instock","11":"purchasable","12":"product-type-simple"},"jetpack_sharing_enabled":true,"_links":{"self":[{"href":"https:\/\/www.hypertera.com\/index.php?rest_route=\/wp\/v2\/product\/2425","targetHints":{"allow":["GET"]}}],"collection":[{"href":"https:\/\/www.hypertera.com\/index.php?rest_route=\/wp\/v2\/product"}],"about":[{"href":"https:\/\/www.hypertera.com\/index.php?rest_route=\/wp\/v2\/types\/product"}],"replies":[{"embeddable":true,"href":"https:\/\/www.hypertera.com\/index.php?rest_route=%2Fwp%2Fv2%2Fcomments&post=2425"}],"wp:featuredmedia":[{"embeddable":true,"href":"https:\/\/www.hypertera.com\/index.php?rest_route=\/wp\/v2\/media\/2426"}],"wp:attachment":[{"href":"https:\/\/www.hypertera.com\/index.php?rest_route=%2Fwp%2Fv2%2Fmedia&parent=2425"}],"wp:term":[{"taxonomy":"product_brand","embeddable":true,"href":"https:\/\/www.hypertera.com\/index.php?rest_route=%2Fwp%2Fv2%2Fproduct_brand&post=2425"},{"taxonomy":"product_cat","embeddable":true,"href":"https:\/\/www.hypertera.com\/index.php?rest_route=%2Fwp%2Fv2%2Fproduct_cat&post=2425"},{"taxonomy":"product_tag","embeddable":true,"href":"https:\/\/www.hypertera.com\/index.php?rest_route=%2Fwp%2Fv2%2Fproduct_tag&post=2425"}],"curies":[{"name":"wp","href":"https:\/\/api.w.org\/{rel}","templated":true}]}}