{"id":2423,"date":"2022-07-21T15:20:14","date_gmt":"2022-07-21T15:20:14","guid":{"rendered":"https:\/\/www.hypertera.com\/?product=rannekello-naisten-kullattu"},"modified":"2022-07-21T15:20:27","modified_gmt":"2022-07-21T15:20:27","slug":"rannekello-naisten-kullattu","status":"publish","type":"product","link":"https:\/\/www.hypertera.com\/?product=rannekello-naisten-kullattu","title":{"rendered":"Rannekello, Naisten kullattu"},"content":{"rendered":"<p>Naisten ruusukullattu rannekello, joka on koristeltu tekojalokivin. Siev\u00e4n yksinkertainen ja kaunis. Kellon pituutta voidaan lyhent\u00e4\u00e4 ottamalla paloja pois toisesta p\u00e4\u00e4st\u00e4.<\/p>\n","protected":false},"excerpt":{"rendered":"<p>Rannekello, Naisten kullattu<\/p>\n","protected":false},"featured_media":2424,"comment_status":"closed","ping_status":"closed","template":"","meta":[],"product_brand":[],"product_cat":[15],"product_tag":[714],"class_list":{"0":"post-2423","1":"product","2":"type-product","3":"status-publish","4":"has-post-thumbnail","6":"product_cat-uncategorized","7":"product_tag-rannekellot","9":"first","10":"instock","11":"purchasable","12":"product-type-simple"},"jetpack_sharing_enabled":true,"_links":{"self":[{"href":"https:\/\/www.hypertera.com\/index.php?rest_route=\/wp\/v2\/product\/2423","targetHints":{"allow":["GET"]}}],"collection":[{"href":"https:\/\/www.hypertera.com\/index.php?rest_route=\/wp\/v2\/product"}],"about":[{"href":"https:\/\/www.hypertera.com\/index.php?rest_route=\/wp\/v2\/types\/product"}],"replies":[{"embeddable":true,"href":"https:\/\/www.hypertera.com\/index.php?rest_route=%2Fwp%2Fv2%2Fcomments&post=2423"}],"wp:featuredmedia":[{"embeddable":true,"href":"https:\/\/www.hypertera.com\/index.php?rest_route=\/wp\/v2\/media\/2424"}],"wp:attachment":[{"href":"https:\/\/www.hypertera.com\/index.php?rest_route=%2Fwp%2Fv2%2Fmedia&parent=2423"}],"wp:term":[{"taxonomy":"product_brand","embeddable":true,"href":"https:\/\/www.hypertera.com\/index.php?rest_route=%2Fwp%2Fv2%2Fproduct_brand&post=2423"},{"taxonomy":"product_cat","embeddable":true,"href":"https:\/\/www.hypertera.com\/index.php?rest_route=%2Fwp%2Fv2%2Fproduct_cat&post=2423"},{"taxonomy":"product_tag","embeddable":true,"href":"https:\/\/www.hypertera.com\/index.php?rest_route=%2Fwp%2Fv2%2Fproduct_tag&post=2423"}],"curies":[{"name":"wp","href":"https:\/\/api.w.org\/{rel}","templated":true}]}}