{"id":2409,"date":"2022-07-21T15:19:55","date_gmt":"2022-07-21T15:19:55","guid":{"rendered":"https:\/\/www.hypertera.com\/?product=x-poytalaskin-10-numeropoistunut"},"modified":"2022-07-21T15:19:55","modified_gmt":"2022-07-21T15:19:55","slug":"x-poytalaskin-10-numeropoistunut","status":"publish","type":"product","link":"https:\/\/www.hypertera.com\/?product=x-poytalaskin-10-numeropoistunut","title":{"rendered":"X P\u00f6yt\u00e4laskin, 10-numero(POISTUNUT)"},"content":{"rendered":"<p>Metallipintainen paristovarmennettu valokennolaskin. 10 numeron suuri, k\u00e4\u00e4nnett\u00e4v\u00e4 n\u00e4ytt\u00f6. 4 toiminnon muisti, neli\u00f6juuri, % -n\u00e4pp\u00e4in, 3 desimaalin tarkkuus. Koko 143 x 105 x 20 mm.<\/p>\n","protected":false},"excerpt":{"rendered":"<p>Metallipintainen paristovarmennettu valokennolaskin. 10 numeron suuri, k\u00e4\u00e4nnett\u00e4v\u00e4 n\u00e4ytt\u00f6. 4 toiminnon muisti, neli\u00f6juuri, % -n\u00e4pp\u00e4in, 3 desimaalin tarkkuus. Koko 143 x 105 x 20 mm.<\/p>\n","protected":false},"featured_media":2410,"comment_status":"closed","ping_status":"closed","template":"","meta":[],"product_brand":[],"product_cat":[17,137,594,16],"product_tag":[708],"class_list":{"0":"post-2409","1":"product","2":"type-product","3":"status-publish","4":"has-post-thumbnail","6":"product_cat-laitteet-tekniikka","7":"product_cat-laskimet","8":"product_cat-poyta-ja-nauhalaskimet","9":"product_cat-tuotteet","10":"product_tag-poytalaskimet","12":"first","13":"instock","14":"purchasable","15":"product-type-simple"},"jetpack_sharing_enabled":true,"_links":{"self":[{"href":"https:\/\/www.hypertera.com\/index.php?rest_route=\/wp\/v2\/product\/2409","targetHints":{"allow":["GET"]}}],"collection":[{"href":"https:\/\/www.hypertera.com\/index.php?rest_route=\/wp\/v2\/product"}],"about":[{"href":"https:\/\/www.hypertera.com\/index.php?rest_route=\/wp\/v2\/types\/product"}],"replies":[{"embeddable":true,"href":"https:\/\/www.hypertera.com\/index.php?rest_route=%2Fwp%2Fv2%2Fcomments&post=2409"}],"wp:featuredmedia":[{"embeddable":true,"href":"https:\/\/www.hypertera.com\/index.php?rest_route=\/wp\/v2\/media\/2410"}],"wp:attachment":[{"href":"https:\/\/www.hypertera.com\/index.php?rest_route=%2Fwp%2Fv2%2Fmedia&parent=2409"}],"wp:term":[{"taxonomy":"product_brand","embeddable":true,"href":"https:\/\/www.hypertera.com\/index.php?rest_route=%2Fwp%2Fv2%2Fproduct_brand&post=2409"},{"taxonomy":"product_cat","embeddable":true,"href":"https:\/\/www.hypertera.com\/index.php?rest_route=%2Fwp%2Fv2%2Fproduct_cat&post=2409"},{"taxonomy":"product_tag","embeddable":true,"href":"https:\/\/www.hypertera.com\/index.php?rest_route=%2Fwp%2Fv2%2Fproduct_tag&post=2409"}],"curies":[{"name":"wp","href":"https:\/\/api.w.org\/{rel}","templated":true}]}}