{"id":2407,"date":"2022-07-21T15:19:44","date_gmt":"2022-07-21T15:19:44","guid":{"rendered":"https:\/\/www.hypertera.com\/?product=paasylippu-numeroitu-1-kpl-100"},"modified":"2022-07-21T15:19:50","modified_gmt":"2022-07-21T15:19:50","slug":"paasylippu-numeroitu-1-kpl-100","status":"publish","type":"product","link":"https:\/\/www.hypertera.com\/?product=paasylippu-numeroitu-1-kpl-100","title":{"rendered":"P\u00e4\u00e4sylippu, numeroitu, 1 kpl \/ 100"},"content":{"rendered":"<p>Paketissa 10 nidett\u00e4\/v\u00e4ri, laatikossa 5&#215;20 nidett\u00e4. Yhdess\u00e4 niteess\u00e4 on 100 p\u00e4\u00e4sylippua. V\u00e4rit satunnaisesti; punainen, sininen, vihre\u00e4, keltainen tai valkoinen. Numeroitu. Koko laatikossa (10 000 kpl p\u00e4\u00e4sylippuja) kaikki v\u00e4rit mukana. Koko laatikon tilausm\u00e4\u00e4r\u00e4 on 100 kpl.<\/p>\n","protected":false},"excerpt":{"rendered":"<p>Paketissa 10 nidett\u00e4\/v\u00e4ri, laatikossa 5&#215;20 nidett\u00e4. Yhdess\u00e4 niteess\u00e4 on 100 p\u00e4\u00e4sylippua. V\u00e4rit satunnaisesti; punainen, sininen, vihre\u00e4, keltainen tai valkoinen. Numeroitu. Koko laatikossa (10 000 kpl p\u00e4\u00e4sylippuja) kaikki v\u00e4rit mukana. Koko laatikon tilausm\u00e4\u00e4r\u00e4 on 100 kpl.<\/p>\n","protected":false},"featured_media":2408,"comment_status":"closed","ping_status":"closed","template":"","meta":[],"product_brand":[],"product_cat":[212,706,16],"product_tag":[707],"class_list":{"0":"post-2407","1":"product","2":"type-product","3":"status-publish","4":"has-post-thumbnail","6":"product_cat-muut-tuotteet-tuotteet","7":"product_cat-painetut-lomakkeet-muut-tuotteet-tuotteet","8":"product_cat-tuotteet","9":"product_tag-paasyliput","11":"first","12":"instock","13":"purchasable","14":"product-type-simple"},"jetpack_sharing_enabled":true,"_links":{"self":[{"href":"https:\/\/www.hypertera.com\/index.php?rest_route=\/wp\/v2\/product\/2407","targetHints":{"allow":["GET"]}}],"collection":[{"href":"https:\/\/www.hypertera.com\/index.php?rest_route=\/wp\/v2\/product"}],"about":[{"href":"https:\/\/www.hypertera.com\/index.php?rest_route=\/wp\/v2\/types\/product"}],"replies":[{"embeddable":true,"href":"https:\/\/www.hypertera.com\/index.php?rest_route=%2Fwp%2Fv2%2Fcomments&post=2407"}],"wp:featuredmedia":[{"embeddable":true,"href":"https:\/\/www.hypertera.com\/index.php?rest_route=\/wp\/v2\/media\/2408"}],"wp:attachment":[{"href":"https:\/\/www.hypertera.com\/index.php?rest_route=%2Fwp%2Fv2%2Fmedia&parent=2407"}],"wp:term":[{"taxonomy":"product_brand","embeddable":true,"href":"https:\/\/www.hypertera.com\/index.php?rest_route=%2Fwp%2Fv2%2Fproduct_brand&post=2407"},{"taxonomy":"product_cat","embeddable":true,"href":"https:\/\/www.hypertera.com\/index.php?rest_route=%2Fwp%2Fv2%2Fproduct_cat&post=2407"},{"taxonomy":"product_tag","embeddable":true,"href":"https:\/\/www.hypertera.com\/index.php?rest_route=%2Fwp%2Fv2%2Fproduct_tag&post=2407"}],"curies":[{"name":"wp","href":"https:\/\/api.w.org\/{rel}","templated":true}]}}