{"id":2405,"date":"2022-07-21T15:19:44","date_gmt":"2022-07-21T15:19:44","guid":{"rendered":"https:\/\/www.hypertera.com\/?product=paivanvalolamppu-linkstar-e27-40w-spiraali"},"modified":"2022-07-21T15:19:49","modified_gmt":"2022-07-21T15:19:49","slug":"paivanvalolamppu-linkstar-e27-40w-spiraali","status":"publish","type":"product","link":"https:\/\/www.hypertera.com\/?product=paivanvalolamppu-linkstar-e27-40w-spiraali","title":{"rendered":"P\u00e4iv\u00e4nvalolamppu, Linkstar, E27, 40W, spiraali"},"content":{"rendered":"<p>Spiraalilamppu E27-kannalla. Teho 40 wattia, joka vastaa noin 200 watin hehkulamppua. P\u00e4iv\u00e4nvalolamppu, jonka v\u00e4ril\u00e4mp\u00f6tila on 5000 &#8211; 5500 K, eli soveltuu hyvin esimerkiksi videokuvaukseen tai tuotekuvaukseen &#8211; sek\u00e4 my\u00f6s normaaliin valaistukseen. Valoteho on 970 luksia 0.5 metrin et\u00e4isyydell\u00e4 ja 200 lx 1 metrin et\u00e4isyydell\u00e4.<\/p>\n","protected":false},"excerpt":{"rendered":"<p>Linkstar P\u00e4iv\u00e4nvalolamppu<\/p>\n","protected":false},"featured_media":2406,"comment_status":"closed","ping_status":"closed","template":"","meta":[],"product_brand":[],"product_cat":[15],"product_tag":[705],"class_list":{"0":"post-2405","1":"product","2":"type-product","3":"status-publish","4":"has-post-thumbnail","6":"product_cat-uncategorized","7":"product_tag-paivanvalolamput","9":"first","10":"instock","11":"purchasable","12":"product-type-simple"},"jetpack_sharing_enabled":true,"_links":{"self":[{"href":"https:\/\/www.hypertera.com\/index.php?rest_route=\/wp\/v2\/product\/2405","targetHints":{"allow":["GET"]}}],"collection":[{"href":"https:\/\/www.hypertera.com\/index.php?rest_route=\/wp\/v2\/product"}],"about":[{"href":"https:\/\/www.hypertera.com\/index.php?rest_route=\/wp\/v2\/types\/product"}],"replies":[{"embeddable":true,"href":"https:\/\/www.hypertera.com\/index.php?rest_route=%2Fwp%2Fv2%2Fcomments&post=2405"}],"wp:featuredmedia":[{"embeddable":true,"href":"https:\/\/www.hypertera.com\/index.php?rest_route=\/wp\/v2\/media\/2406"}],"wp:attachment":[{"href":"https:\/\/www.hypertera.com\/index.php?rest_route=%2Fwp%2Fv2%2Fmedia&parent=2405"}],"wp:term":[{"taxonomy":"product_brand","embeddable":true,"href":"https:\/\/www.hypertera.com\/index.php?rest_route=%2Fwp%2Fv2%2Fproduct_brand&post=2405"},{"taxonomy":"product_cat","embeddable":true,"href":"https:\/\/www.hypertera.com\/index.php?rest_route=%2Fwp%2Fv2%2Fproduct_cat&post=2405"},{"taxonomy":"product_tag","embeddable":true,"href":"https:\/\/www.hypertera.com\/index.php?rest_route=%2Fwp%2Fv2%2Fproduct_tag&post=2405"}],"curies":[{"name":"wp","href":"https:\/\/api.w.org\/{rel}","templated":true}]}}