{"id":2402,"date":"2022-07-21T15:19:44","date_gmt":"2022-07-21T15:19:44","guid":{"rendered":"https:\/\/www.hypertera.com\/?product=x-pahkina-leader-nutz-cashew-tummasuklaa-250gpoistunut"},"modified":"2022-07-21T15:19:46","modified_gmt":"2022-07-21T15:19:46","slug":"x-pahkina-leader-nutz-cashew-tummasuklaa-250gpoistunut","status":"publish","type":"product","link":"https:\/\/www.hypertera.com\/?product=x-pahkina-leader-nutz-cashew-tummasuklaa-250gpoistunut","title":{"rendered":"X P\u00e4hkin\u00e4, Leader Nutz, cashew tummasuklaa, 250g(POISTUNUT)"},"content":{"rendered":"<p>Leaderin tummalla suklaalla kuorrutettuja cashewp\u00e4hkin\u00f6it\u00e4. Maukasta ja terveellist\u00e4. Pakkauksen koko 250g. Sopii erinomaisesti v\u00e4lipalaksi sellaisenaan. Laktoositon ja gluteeniton.  Allergiatiedote: Sis\u00e4lt\u00e4\u00e4 cashewp\u00e4hkin\u00e4\u00e4 ja soijaa, saattaa sis\u00e4lt\u00e4\u00e4 maap\u00e4hkin\u00e4\u00e4 ja maidon l\u00e4hteen.<\/p>\n","protected":false},"excerpt":{"rendered":"<p>Cashew tummasuklaa, 250g Leader Nutz P\u00e4hkin\u00e4<\/p>\n","protected":false},"featured_media":0,"comment_status":"closed","ping_status":"closed","template":"","meta":[],"product_brand":[],"product_cat":[703,195,16],"product_tag":[704],"class_list":{"0":"post-2402","1":"product","2":"type-product","3":"status-publish","5":"product_cat-keksit-makeutus-maito-pahkinat","6":"product_cat-taloustarvikkeet","7":"product_cat-tuotteet","8":"product_tag-pahkinat","10":"first","11":"outofstock","12":"purchasable","13":"product-type-simple"},"jetpack_sharing_enabled":true,"_links":{"self":[{"href":"https:\/\/www.hypertera.com\/index.php?rest_route=\/wp\/v2\/product\/2402","targetHints":{"allow":["GET"]}}],"collection":[{"href":"https:\/\/www.hypertera.com\/index.php?rest_route=\/wp\/v2\/product"}],"about":[{"href":"https:\/\/www.hypertera.com\/index.php?rest_route=\/wp\/v2\/types\/product"}],"replies":[{"embeddable":true,"href":"https:\/\/www.hypertera.com\/index.php?rest_route=%2Fwp%2Fv2%2Fcomments&post=2402"}],"wp:attachment":[{"href":"https:\/\/www.hypertera.com\/index.php?rest_route=%2Fwp%2Fv2%2Fmedia&parent=2402"}],"wp:term":[{"taxonomy":"product_brand","embeddable":true,"href":"https:\/\/www.hypertera.com\/index.php?rest_route=%2Fwp%2Fv2%2Fproduct_brand&post=2402"},{"taxonomy":"product_cat","embeddable":true,"href":"https:\/\/www.hypertera.com\/index.php?rest_route=%2Fwp%2Fv2%2Fproduct_cat&post=2402"},{"taxonomy":"product_tag","embeddable":true,"href":"https:\/\/www.hypertera.com\/index.php?rest_route=%2Fwp%2Fv2%2Fproduct_tag&post=2402"}],"curies":[{"name":"wp","href":"https:\/\/api.w.org\/{rel}","templated":true}]}}