{"id":239,"date":"2022-07-21T13:43:43","date_gmt":"2022-07-21T13:43:43","guid":{"rendered":"https:\/\/www.hypertera.com\/?product=esiteteline-seinalle-a5-9-osaa-hopeanharmaa"},"modified":"2022-07-21T13:45:04","modified_gmt":"2022-07-21T13:45:04","slug":"esiteteline-seinalle-a5-9-osaa-hopeanharmaa","status":"publish","type":"product","link":"https:\/\/www.hypertera.com\/?product=esiteteline-seinalle-a5-9-osaa-hopeanharmaa","title":{"rendered":"Esiteteline sein\u00e4lle, A5, 9 osaa, hopeanharmaa"},"content":{"rendered":"<p>Aseta esitteet, lehdet ja lomakkeet n\u00e4ht\u00e4ville ja helposti otettaville. T\u00e4m\u00e4 metallilangasta valmistettu esiteteline asetetaan sein\u00e4\u00e4n nelj\u00e4ll\u00e4 ruuvilla. T\u00e4ss\u00e4 mallissa on 9 lokeroa, joten saat helposti suuren m\u00e4\u00e4r\u00e4n eri esitteit\u00e4 n\u00e4kyville. Useampi teline on helppo asentaa vierekk\u00e4in.<\/p>\n","protected":false},"excerpt":{"rendered":"<p>Hopeanharmaa Twin A5, 9 osaa Esiteteline sein\u00e4lle<\/p>\n","protected":false},"featured_media":240,"comment_status":"closed","ping_status":"closed","template":"","meta":[],"product_brand":[],"product_cat":[15],"product_tag":[122],"class_list":{"0":"post-239","1":"product","2":"type-product","3":"status-publish","4":"has-post-thumbnail","6":"product_cat-uncategorized","7":"product_tag-esitetelineet-poydalle","9":"first","10":"instock","11":"purchasable","12":"product-type-simple"},"jetpack_sharing_enabled":true,"_links":{"self":[{"href":"https:\/\/www.hypertera.com\/index.php?rest_route=\/wp\/v2\/product\/239","targetHints":{"allow":["GET"]}}],"collection":[{"href":"https:\/\/www.hypertera.com\/index.php?rest_route=\/wp\/v2\/product"}],"about":[{"href":"https:\/\/www.hypertera.com\/index.php?rest_route=\/wp\/v2\/types\/product"}],"replies":[{"embeddable":true,"href":"https:\/\/www.hypertera.com\/index.php?rest_route=%2Fwp%2Fv2%2Fcomments&post=239"}],"wp:featuredmedia":[{"embeddable":true,"href":"https:\/\/www.hypertera.com\/index.php?rest_route=\/wp\/v2\/media\/240"}],"wp:attachment":[{"href":"https:\/\/www.hypertera.com\/index.php?rest_route=%2Fwp%2Fv2%2Fmedia&parent=239"}],"wp:term":[{"taxonomy":"product_brand","embeddable":true,"href":"https:\/\/www.hypertera.com\/index.php?rest_route=%2Fwp%2Fv2%2Fproduct_brand&post=239"},{"taxonomy":"product_cat","embeddable":true,"href":"https:\/\/www.hypertera.com\/index.php?rest_route=%2Fwp%2Fv2%2Fproduct_cat&post=239"},{"taxonomy":"product_tag","embeddable":true,"href":"https:\/\/www.hypertera.com\/index.php?rest_route=%2Fwp%2Fv2%2Fproduct_tag&post=239"}],"curies":[{"name":"wp","href":"https:\/\/api.w.org\/{rel}","templated":true}]}}