{"id":2388,"date":"2022-07-21T15:18:24","date_gmt":"2022-07-21T15:18:24","guid":{"rendered":"https:\/\/www.hypertera.com\/?product=puristuskansio-barocco-sininen"},"modified":"2022-07-21T15:18:56","modified_gmt":"2022-07-21T15:18:56","slug":"puristuskansio-barocco-sininen","status":"publish","type":"product","link":"https:\/\/www.hypertera.com\/?product=puristuskansio-barocco-sininen","title":{"rendered":"Puristuskansio, Barocco, sininen"},"content":{"rendered":"<p>Puristuskansiot ovat joka toimiston perustarvike, F-office puristuskansiot takaavat k\u00e4tev\u00e4n tavan arkistoida paperisi. Barocco-puristuskansiot tulevat monissa eri pirist\u00e4viss\u00e4 v\u00e4reiss\u00e4, kaikissa barocco-puristuiskansioissa on my\u00f6s tyylik\u00e4s pintakuviointi. Puristuskansioissa k\u00e4ytetty muovi on paksuudeltaan 0.45 millimetri\u00e4. Me Kauppakartanolaiset suosittelemme!<\/p>\n","protected":false},"excerpt":{"rendered":"<p>Sininen F-Office Barocco Puristuskansio<\/p>\n","protected":false},"featured_media":2389,"comment_status":"closed","ping_status":"closed","template":"","meta":[],"product_brand":[],"product_cat":[114,31,30,16],"product_tag":[698],"class_list":{"0":"post-2388","1":"product","2":"type-product","3":"status-publish","4":"has-post-thumbnail","6":"product_cat-erikoiskansiot-kansiot-ja-mapit","7":"product_cat-kansiot-ja-mapit","8":"product_cat-toimistotarvikkeet","9":"product_cat-tuotteet","10":"product_tag-puristuskansiot","12":"first","13":"instock","14":"purchasable","15":"product-type-simple"},"jetpack_sharing_enabled":true,"_links":{"self":[{"href":"https:\/\/www.hypertera.com\/index.php?rest_route=\/wp\/v2\/product\/2388","targetHints":{"allow":["GET"]}}],"collection":[{"href":"https:\/\/www.hypertera.com\/index.php?rest_route=\/wp\/v2\/product"}],"about":[{"href":"https:\/\/www.hypertera.com\/index.php?rest_route=\/wp\/v2\/types\/product"}],"replies":[{"embeddable":true,"href":"https:\/\/www.hypertera.com\/index.php?rest_route=%2Fwp%2Fv2%2Fcomments&post=2388"}],"wp:featuredmedia":[{"embeddable":true,"href":"https:\/\/www.hypertera.com\/index.php?rest_route=\/wp\/v2\/media\/2389"}],"wp:attachment":[{"href":"https:\/\/www.hypertera.com\/index.php?rest_route=%2Fwp%2Fv2%2Fmedia&parent=2388"}],"wp:term":[{"taxonomy":"product_brand","embeddable":true,"href":"https:\/\/www.hypertera.com\/index.php?rest_route=%2Fwp%2Fv2%2Fproduct_brand&post=2388"},{"taxonomy":"product_cat","embeddable":true,"href":"https:\/\/www.hypertera.com\/index.php?rest_route=%2Fwp%2Fv2%2Fproduct_cat&post=2388"},{"taxonomy":"product_tag","embeddable":true,"href":"https:\/\/www.hypertera.com\/index.php?rest_route=%2Fwp%2Fv2%2Fproduct_tag&post=2388"}],"curies":[{"name":"wp","href":"https:\/\/api.w.org\/{rel}","templated":true}]}}