{"id":2376,"date":"2022-07-21T15:17:53","date_gmt":"2022-07-21T15:17:53","guid":{"rendered":"https:\/\/www.hypertera.com\/?product=puristusalusta-pvc-musta"},"modified":"2022-07-21T15:18:19","modified_gmt":"2022-07-21T15:18:19","slug":"puristusalusta-pvc-musta","status":"publish","type":"product","link":"https:\/\/www.hypertera.com\/?product=puristusalusta-pvc-musta","title":{"rendered":"Puristusalusta, PVC, musta"},"content":{"rendered":"<p>Muovip\u00e4\u00e4llyksen sis\u00e4ll\u00e4 tukeva kartonki. Metalliklipsi. Alustan reunassa kyn\u00e4pidike.<\/p>\n","protected":false},"excerpt":{"rendered":"<p>Muovip\u00e4\u00e4llyksen sis\u00e4ll\u00e4 tukeva kartonki. Metalliklipsi. Alustan reunassa kyn\u00e4pidike.<\/p>\n","protected":false},"featured_media":2377,"comment_status":"closed","ping_status":"closed","template":"","meta":[],"product_brand":[],"product_cat":[663,76,30,16],"product_tag":[696],"class_list":{"0":"post-2376","1":"product","2":"type-product","3":"status-publish","4":"has-post-thumbnail","6":"product_cat-paperipuristimet","7":"product_cat-toimiston-pientarvikkeet-toimistotarvikkeet","8":"product_cat-toimistotarvikkeet","9":"product_cat-tuotteet","10":"product_tag-puristusalustat","12":"first","13":"outofstock","14":"purchasable","15":"product-type-simple"},"jetpack_sharing_enabled":true,"_links":{"self":[{"href":"https:\/\/www.hypertera.com\/index.php?rest_route=\/wp\/v2\/product\/2376","targetHints":{"allow":["GET"]}}],"collection":[{"href":"https:\/\/www.hypertera.com\/index.php?rest_route=\/wp\/v2\/product"}],"about":[{"href":"https:\/\/www.hypertera.com\/index.php?rest_route=\/wp\/v2\/types\/product"}],"replies":[{"embeddable":true,"href":"https:\/\/www.hypertera.com\/index.php?rest_route=%2Fwp%2Fv2%2Fcomments&post=2376"}],"wp:featuredmedia":[{"embeddable":true,"href":"https:\/\/www.hypertera.com\/index.php?rest_route=\/wp\/v2\/media\/2377"}],"wp:attachment":[{"href":"https:\/\/www.hypertera.com\/index.php?rest_route=%2Fwp%2Fv2%2Fmedia&parent=2376"}],"wp:term":[{"taxonomy":"product_brand","embeddable":true,"href":"https:\/\/www.hypertera.com\/index.php?rest_route=%2Fwp%2Fv2%2Fproduct_brand&post=2376"},{"taxonomy":"product_cat","embeddable":true,"href":"https:\/\/www.hypertera.com\/index.php?rest_route=%2Fwp%2Fv2%2Fproduct_cat&post=2376"},{"taxonomy":"product_tag","embeddable":true,"href":"https:\/\/www.hypertera.com\/index.php?rest_route=%2Fwp%2Fv2%2Fproduct_tag&post=2376"}],"curies":[{"name":"wp","href":"https:\/\/api.w.org\/{rel}","templated":true}]}}