{"id":2374,"date":"2022-07-21T15:17:53","date_gmt":"2022-07-21T15:17:53","guid":{"rendered":"https:\/\/www.hypertera.com\/?product=puristusalusta-officebasic-b5-20-x-29-cm-lapinakyva-akryyli"},"modified":"2022-07-21T15:18:08","modified_gmt":"2022-07-21T15:18:08","slug":"puristusalusta-officebasic-b5-20-x-29-cm-lapinakyva-akryyli","status":"publish","type":"product","link":"https:\/\/www.hypertera.com\/?product=puristusalusta-officebasic-b5-20-x-29-cm-lapinakyva-akryyli","title":{"rendered":"Puristusalusta, OfficeBasic, B5, 20 x 29 cm, l\u00e4pin\u00e4kyv\u00e4 akryyli"},"content":{"rendered":"<p>Kokonaan muovinen kirjoitusalusta on kest\u00e4v\u00e4 vaihtoehto: useimmat kirjoitusalustat merkkivalmistajiltakin ovat pahvipohjaisia, joissa on muovitus p\u00e4\u00e4ll\u00e4. T\u00e4m\u00e4 on l\u00e4pin\u00e4kyv\u00e4 kirjoitusalusta paksusta akryylist\u00e4. Tukeva puristusmekanismi pit\u00e4\u00e4 t\u00e4rke\u00e4t asiakirjat paikoillaan. Kirjoitusalusta koko on B5, eli hieman pienempi kuin normaali A4 ja soveltuu siksi hyvin esimerkiksi A5-kokoisille papereilla (puoliksi taitettu A4). Koko alustan leveys on 19.7 cm ja korkeus 28.6 cm.  Molemmissa kirjoitusalustan reunoissa on mitta-asteikko.<\/p>\n","protected":false},"excerpt":{"rendered":"<p>OfficeBasic B5 20 x 29 cm l\u00e4pin\u00e4kyv\u00e4 Puristusalusta<\/p>\n","protected":false},"featured_media":2375,"comment_status":"closed","ping_status":"closed","template":"","meta":[],"product_brand":[],"product_cat":[663,76,30,16],"product_tag":[696],"class_list":{"0":"post-2374","1":"product","2":"type-product","3":"status-publish","4":"has-post-thumbnail","6":"product_cat-paperipuristimet","7":"product_cat-toimiston-pientarvikkeet-toimistotarvikkeet","8":"product_cat-toimistotarvikkeet","9":"product_cat-tuotteet","10":"product_tag-puristusalustat","12":"first","13":"instock","14":"purchasable","15":"product-type-simple"},"jetpack_sharing_enabled":true,"_links":{"self":[{"href":"https:\/\/www.hypertera.com\/index.php?rest_route=\/wp\/v2\/product\/2374","targetHints":{"allow":["GET"]}}],"collection":[{"href":"https:\/\/www.hypertera.com\/index.php?rest_route=\/wp\/v2\/product"}],"about":[{"href":"https:\/\/www.hypertera.com\/index.php?rest_route=\/wp\/v2\/types\/product"}],"replies":[{"embeddable":true,"href":"https:\/\/www.hypertera.com\/index.php?rest_route=%2Fwp%2Fv2%2Fcomments&post=2374"}],"wp:featuredmedia":[{"embeddable":true,"href":"https:\/\/www.hypertera.com\/index.php?rest_route=\/wp\/v2\/media\/2375"}],"wp:attachment":[{"href":"https:\/\/www.hypertera.com\/index.php?rest_route=%2Fwp%2Fv2%2Fmedia&parent=2374"}],"wp:term":[{"taxonomy":"product_brand","embeddable":true,"href":"https:\/\/www.hypertera.com\/index.php?rest_route=%2Fwp%2Fv2%2Fproduct_brand&post=2374"},{"taxonomy":"product_cat","embeddable":true,"href":"https:\/\/www.hypertera.com\/index.php?rest_route=%2Fwp%2Fv2%2Fproduct_cat&post=2374"},{"taxonomy":"product_tag","embeddable":true,"href":"https:\/\/www.hypertera.com\/index.php?rest_route=%2Fwp%2Fv2%2Fproduct_tag&post=2374"}],"curies":[{"name":"wp","href":"https:\/\/api.w.org\/{rel}","templated":true}]}}