{"id":2372,"date":"2022-07-21T15:17:53","date_gmt":"2022-07-21T15:17:53","guid":{"rendered":"https:\/\/www.hypertera.com\/?product=puristusalusta-officebasic-a4-23x32-cm-lapinakyva-akryyli"},"modified":"2022-07-21T15:17:55","modified_gmt":"2022-07-21T15:17:55","slug":"puristusalusta-officebasic-a4-23x32-cm-lapinakyva-akryyli","status":"publish","type":"product","link":"https:\/\/www.hypertera.com\/?product=puristusalusta-officebasic-a4-23x32-cm-lapinakyva-akryyli","title":{"rendered":"Puristusalusta, OfficeBasic, A4, 23&#215;32 cm, l\u00e4pin\u00e4kyv\u00e4 akryyli"},"content":{"rendered":"<p>L\u00e4pin\u00e4kyv\u00e4 kirjoitusalusta paksusta akryylist\u00e4. Tukeva puristusmekanismi pit\u00e4\u00e4 t\u00e4rke\u00e4t asiakirjat paikoillaan. Kirjoitusalusta koko on normaali A4. Koko alustan leveys on 22.9 cm ja korkeus 31.9 cm. Alustan toisessa reunassa on tuuma-asteikko ja toisessa millimetriasteikko. Kokonaan muovinen kirjoitusalusta on kest\u00e4v\u00e4 vaihtoehto: useimmat kirjoitusalustat ovat pahvipohjaisia, joissa on muovitus p\u00e4\u00e4ll\u00e4. Pidempiaikaisessa k\u00e4yt\u00f6ss\u00e4 sis\u00e4ll\u00e4 oleva pahvi v\u00e4ist\u00e4m\u00e4tt\u00e4 v\u00e4syy.<\/p>\n","protected":false},"excerpt":{"rendered":"<p>OfficeBasic kirjoitusalusta A4<\/p>\n","protected":false},"featured_media":2373,"comment_status":"closed","ping_status":"closed","template":"","meta":[],"product_brand":[],"product_cat":[663,76,30,16],"product_tag":[696],"class_list":{"0":"post-2372","1":"product","2":"type-product","3":"status-publish","4":"has-post-thumbnail","6":"product_cat-paperipuristimet","7":"product_cat-toimiston-pientarvikkeet-toimistotarvikkeet","8":"product_cat-toimistotarvikkeet","9":"product_cat-tuotteet","10":"product_tag-puristusalustat","12":"first","13":"instock","14":"purchasable","15":"product-type-simple"},"jetpack_sharing_enabled":true,"_links":{"self":[{"href":"https:\/\/www.hypertera.com\/index.php?rest_route=\/wp\/v2\/product\/2372","targetHints":{"allow":["GET"]}}],"collection":[{"href":"https:\/\/www.hypertera.com\/index.php?rest_route=\/wp\/v2\/product"}],"about":[{"href":"https:\/\/www.hypertera.com\/index.php?rest_route=\/wp\/v2\/types\/product"}],"replies":[{"embeddable":true,"href":"https:\/\/www.hypertera.com\/index.php?rest_route=%2Fwp%2Fv2%2Fcomments&post=2372"}],"wp:featuredmedia":[{"embeddable":true,"href":"https:\/\/www.hypertera.com\/index.php?rest_route=\/wp\/v2\/media\/2373"}],"wp:attachment":[{"href":"https:\/\/www.hypertera.com\/index.php?rest_route=%2Fwp%2Fv2%2Fmedia&parent=2372"}],"wp:term":[{"taxonomy":"product_brand","embeddable":true,"href":"https:\/\/www.hypertera.com\/index.php?rest_route=%2Fwp%2Fv2%2Fproduct_brand&post=2372"},{"taxonomy":"product_cat","embeddable":true,"href":"https:\/\/www.hypertera.com\/index.php?rest_route=%2Fwp%2Fv2%2Fproduct_cat&post=2372"},{"taxonomy":"product_tag","embeddable":true,"href":"https:\/\/www.hypertera.com\/index.php?rest_route=%2Fwp%2Fv2%2Fproduct_tag&post=2372"}],"curies":[{"name":"wp","href":"https:\/\/api.w.org\/{rel}","templated":true}]}}