{"id":2368,"date":"2022-07-21T15:17:40","date_gmt":"2022-07-21T15:17:40","guid":{"rendered":"https:\/\/www.hypertera.com\/?product=puinen-juomasekoitin-140-mm-1-pkt-1000"},"modified":"2022-07-21T15:17:49","modified_gmt":"2022-07-21T15:17:49","slug":"puinen-juomasekoitin-140-mm-1-pkt-1000","status":"publish","type":"product","link":"https:\/\/www.hypertera.com\/?product=puinen-juomasekoitin-140-mm-1-pkt-1000","title":{"rendered":"Puinen juomasekoitin, 140 mm, 1 pkt\/1000"},"content":{"rendered":"<p>Ymp\u00e4rist\u00f6yst\u00e4v\u00e4llinen, puinen juomasekoitin kahvi- ja mehuhetkiin. Pakkauksessa 1000 kappaletta 140 mm pituisia sekoittimia. Sekoittimesta ei irtoa tikkuja, ja se on erikseen elintarvikek\u00e4ytt\u00f6\u00f6n tehty.<\/p>\n","protected":false},"excerpt":{"rendered":"<p>Ymp\u00e4rist\u00f6yst\u00e4v\u00e4llinen, puinen juomasekoitin kahvi- ja mehuhetkiin. Pakkauksessa 1000 kappaletta 140 mm pituisia sekoittimia. Sekoittimesta ei irtoa tikkuja, ja se on erikseen elintarvikek\u00e4ytt\u00f6\u00f6n tehty.<\/p>\n","protected":false},"featured_media":2369,"comment_status":"closed","ping_status":"closed","template":"","meta":[],"product_brand":[],"product_cat":[218,195,16],"product_tag":[695],"class_list":{"0":"post-2368","1":"product","2":"type-product","3":"status-publish","4":"has-post-thumbnail","6":"product_cat-kertakayttoastiat","7":"product_cat-taloustarvikkeet","8":"product_cat-tuotteet","9":"product_tag-kahvisekoittimet","11":"first","12":"instock","13":"purchasable","14":"product-type-simple"},"jetpack_sharing_enabled":true,"_links":{"self":[{"href":"https:\/\/www.hypertera.com\/index.php?rest_route=\/wp\/v2\/product\/2368","targetHints":{"allow":["GET"]}}],"collection":[{"href":"https:\/\/www.hypertera.com\/index.php?rest_route=\/wp\/v2\/product"}],"about":[{"href":"https:\/\/www.hypertera.com\/index.php?rest_route=\/wp\/v2\/types\/product"}],"replies":[{"embeddable":true,"href":"https:\/\/www.hypertera.com\/index.php?rest_route=%2Fwp%2Fv2%2Fcomments&post=2368"}],"wp:featuredmedia":[{"embeddable":true,"href":"https:\/\/www.hypertera.com\/index.php?rest_route=\/wp\/v2\/media\/2369"}],"wp:attachment":[{"href":"https:\/\/www.hypertera.com\/index.php?rest_route=%2Fwp%2Fv2%2Fmedia&parent=2368"}],"wp:term":[{"taxonomy":"product_brand","embeddable":true,"href":"https:\/\/www.hypertera.com\/index.php?rest_route=%2Fwp%2Fv2%2Fproduct_brand&post=2368"},{"taxonomy":"product_cat","embeddable":true,"href":"https:\/\/www.hypertera.com\/index.php?rest_route=%2Fwp%2Fv2%2Fproduct_cat&post=2368"},{"taxonomy":"product_tag","embeddable":true,"href":"https:\/\/www.hypertera.com\/index.php?rest_route=%2Fwp%2Fv2%2Fproduct_tag&post=2368"}],"curies":[{"name":"wp","href":"https:\/\/api.w.org\/{rel}","templated":true}]}}