{"id":2366,"date":"2022-07-21T15:17:40","date_gmt":"2022-07-21T15:17:40","guid":{"rendered":"https:\/\/www.hypertera.com\/?product=puhelun-ilmaisinvalo-doro-on-line-headset-indicator"},"modified":"2022-07-21T15:17:46","modified_gmt":"2022-07-21T15:17:46","slug":"puhelun-ilmaisinvalo-doro-on-line-headset-indicator","status":"publish","type":"product","link":"https:\/\/www.hypertera.com\/?product=puhelun-ilmaisinvalo-doro-on-line-headset-indicator","title":{"rendered":"Puhelun ilmaisinvalo, Doro ON-LINE, headset indicator"},"content":{"rendered":"<p>Doro Headset indicator on puhelun ilmaisinvalo. Puhuessasi puhelimeen puhelun ilmaisinvalo vilkkuu, joten ty\u00f6kaverisi n\u00e4kev\u00e4t sinun olevan puhelimessa eiv\u00e4tk\u00e4 tule toimistoosi kesken t\u00e4rkeit\u00e4 puheluitasi sinua h\u00e4iritsem\u00e4\u00e4n.<\/p>\n","protected":false},"excerpt":{"rendered":"<p>Doro ON-LINE headset indicator Puhelun ilmaisinvalo<\/p>\n","protected":false},"featured_media":2367,"comment_status":"closed","ping_status":"closed","template":"","meta":[],"product_brand":[],"product_cat":[15],"product_tag":[694],"class_list":{"0":"post-2366","1":"product","2":"type-product","3":"status-publish","4":"has-post-thumbnail","6":"product_cat-uncategorized","7":"product_tag-puhelun-ilmaisinvalot","9":"first","10":"instock","11":"purchasable","12":"product-type-simple"},"jetpack_sharing_enabled":true,"_links":{"self":[{"href":"https:\/\/www.hypertera.com\/index.php?rest_route=\/wp\/v2\/product\/2366","targetHints":{"allow":["GET"]}}],"collection":[{"href":"https:\/\/www.hypertera.com\/index.php?rest_route=\/wp\/v2\/product"}],"about":[{"href":"https:\/\/www.hypertera.com\/index.php?rest_route=\/wp\/v2\/types\/product"}],"replies":[{"embeddable":true,"href":"https:\/\/www.hypertera.com\/index.php?rest_route=%2Fwp%2Fv2%2Fcomments&post=2366"}],"wp:featuredmedia":[{"embeddable":true,"href":"https:\/\/www.hypertera.com\/index.php?rest_route=\/wp\/v2\/media\/2367"}],"wp:attachment":[{"href":"https:\/\/www.hypertera.com\/index.php?rest_route=%2Fwp%2Fv2%2Fmedia&parent=2366"}],"wp:term":[{"taxonomy":"product_brand","embeddable":true,"href":"https:\/\/www.hypertera.com\/index.php?rest_route=%2Fwp%2Fv2%2Fproduct_brand&post=2366"},{"taxonomy":"product_cat","embeddable":true,"href":"https:\/\/www.hypertera.com\/index.php?rest_route=%2Fwp%2Fv2%2Fproduct_cat&post=2366"},{"taxonomy":"product_tag","embeddable":true,"href":"https:\/\/www.hypertera.com\/index.php?rest_route=%2Fwp%2Fv2%2Fproduct_tag&post=2366"}],"curies":[{"name":"wp","href":"https:\/\/api.w.org\/{rel}","templated":true}]}}