{"id":2364,"date":"2022-07-21T15:17:40","date_gmt":"2022-07-21T15:17:40","guid":{"rendered":"https:\/\/www.hypertera.com\/?product=puhdistussuihke-valkotaulu-250ml"},"modified":"2022-07-21T15:17:44","modified_gmt":"2022-07-21T15:17:44","slug":"puhdistussuihke-valkotaulu-250ml","status":"publish","type":"product","link":"https:\/\/www.hypertera.com\/?product=puhdistussuihke-valkotaulu-250ml","title":{"rendered":"Puhdistussuihke, valkotaulu, 250ml"},"content":{"rendered":"<p>Poistaa lian ja rasvan kaikilta kovilta pinnoilta ja puhdistaa valkotaulun. Tulenarkaa. V\u00e4lt\u00e4 hengitt\u00e4m\u00e4st\u00e4 suihketta. Pyyhit\u00e4\u00e4n pois imukykyisill\u00e4 liinoilla (tuotekoodi PUL-C12).<\/p>\n","protected":false},"excerpt":{"rendered":"<p>Poistaa lian ja rasvan kaikilta kovilta pinnoilta ja puhdistaa valkotaulun. Tulenarkaa. V\u00e4lt\u00e4 hengitt\u00e4m\u00e4st\u00e4 suihketta. Pyyhit\u00e4\u00e4n pois imukykyisill\u00e4 liinoilla (tuotekoodi PUL-C12).<\/p>\n","protected":false},"featured_media":2365,"comment_status":"closed","ping_status":"closed","template":"","meta":[],"product_brand":[],"product_cat":[15],"product_tag":[693],"class_list":{"0":"post-2364","1":"product","2":"type-product","3":"status-publish","4":"has-post-thumbnail","6":"product_cat-uncategorized","7":"product_tag-puhdistussuihkeet","9":"first","10":"instock","11":"purchasable","12":"product-type-simple"},"jetpack_sharing_enabled":true,"_links":{"self":[{"href":"https:\/\/www.hypertera.com\/index.php?rest_route=\/wp\/v2\/product\/2364","targetHints":{"allow":["GET"]}}],"collection":[{"href":"https:\/\/www.hypertera.com\/index.php?rest_route=\/wp\/v2\/product"}],"about":[{"href":"https:\/\/www.hypertera.com\/index.php?rest_route=\/wp\/v2\/types\/product"}],"replies":[{"embeddable":true,"href":"https:\/\/www.hypertera.com\/index.php?rest_route=%2Fwp%2Fv2%2Fcomments&post=2364"}],"wp:featuredmedia":[{"embeddable":true,"href":"https:\/\/www.hypertera.com\/index.php?rest_route=\/wp\/v2\/media\/2365"}],"wp:attachment":[{"href":"https:\/\/www.hypertera.com\/index.php?rest_route=%2Fwp%2Fv2%2Fmedia&parent=2364"}],"wp:term":[{"taxonomy":"product_brand","embeddable":true,"href":"https:\/\/www.hypertera.com\/index.php?rest_route=%2Fwp%2Fv2%2Fproduct_brand&post=2364"},{"taxonomy":"product_cat","embeddable":true,"href":"https:\/\/www.hypertera.com\/index.php?rest_route=%2Fwp%2Fv2%2Fproduct_cat&post=2364"},{"taxonomy":"product_tag","embeddable":true,"href":"https:\/\/www.hypertera.com\/index.php?rest_route=%2Fwp%2Fv2%2Fproduct_tag&post=2364"}],"curies":[{"name":"wp","href":"https:\/\/api.w.org\/{rel}","templated":true}]}}