{"id":2360,"date":"2022-07-21T15:17:40","date_gmt":"2022-07-21T15:17:40","guid":{"rendered":"https:\/\/www.hypertera.com\/?product=puhdistussarja-3m-cl680-naytto-nappaimisto"},"modified":"2022-07-21T15:17:40","modified_gmt":"2022-07-21T15:17:40","slug":"puhdistussarja-3m-cl680-naytto-nappaimisto","status":"publish","type":"product","link":"https:\/\/www.hypertera.com\/?product=puhdistussarja-3m-cl680-naytto-nappaimisto","title":{"rendered":"Puhdistussarja, 3M CL680, n\u00e4ytt\u00f6\/n\u00e4pp\u00e4imist\u00f6"},"content":{"rendered":"<p>Puhdistussetti n\u00e4yt\u00f6lle (my\u00f6s LCD-), 3M h\u00e4ik\u00e4isysuojille sek\u00e4 n\u00e4pp\u00e4imist\u00f6lle. K\u00e4tev\u00e4 kaksipuolinen pyyhin; harja p\u00f6lylle ja puhdistusliina lialle. Pakkauksessa 5 s\u00e4\u00e4misk\u00e4ist\u00e4 puhdistusliinaa sek\u00e4 suihkepullo puhdistusnestett\u00e4.<\/p>\n","protected":false},"excerpt":{"rendered":"<p>Puhdistussetti n\u00e4yt\u00f6lle (my\u00f6s LCD-), 3M h\u00e4ik\u00e4isysuojille sek\u00e4 n\u00e4pp\u00e4imist\u00f6lle. K\u00e4tev\u00e4 kaksipuolinen pyyhin; harja p\u00f6lylle ja puhdistusliina lialle. Pakkauksessa 5 s\u00e4\u00e4misk\u00e4ist\u00e4 puhdistusliinaa sek\u00e4 suihkepullo puhdistusnestett\u00e4.<\/p>\n","protected":false},"featured_media":2361,"comment_status":"closed","ping_status":"closed","template":"","meta":[],"product_brand":[],"product_cat":[212,548,16],"product_tag":[692],"class_list":{"0":"post-2360","1":"product","2":"type-product","3":"status-publish","4":"has-post-thumbnail","6":"product_cat-muut-tuotteet-tuotteet","7":"product_cat-puhdistusvalineet-muut-tuotteet-tuotteet","8":"product_cat-tuotteet","9":"product_tag-puhdistussarjat","11":"first","12":"instock","13":"purchasable","14":"product-type-simple"},"jetpack_sharing_enabled":true,"_links":{"self":[{"href":"https:\/\/www.hypertera.com\/index.php?rest_route=\/wp\/v2\/product\/2360","targetHints":{"allow":["GET"]}}],"collection":[{"href":"https:\/\/www.hypertera.com\/index.php?rest_route=\/wp\/v2\/product"}],"about":[{"href":"https:\/\/www.hypertera.com\/index.php?rest_route=\/wp\/v2\/types\/product"}],"replies":[{"embeddable":true,"href":"https:\/\/www.hypertera.com\/index.php?rest_route=%2Fwp%2Fv2%2Fcomments&post=2360"}],"wp:featuredmedia":[{"embeddable":true,"href":"https:\/\/www.hypertera.com\/index.php?rest_route=\/wp\/v2\/media\/2361"}],"wp:attachment":[{"href":"https:\/\/www.hypertera.com\/index.php?rest_route=%2Fwp%2Fv2%2Fmedia&parent=2360"}],"wp:term":[{"taxonomy":"product_brand","embeddable":true,"href":"https:\/\/www.hypertera.com\/index.php?rest_route=%2Fwp%2Fv2%2Fproduct_brand&post=2360"},{"taxonomy":"product_cat","embeddable":true,"href":"https:\/\/www.hypertera.com\/index.php?rest_route=%2Fwp%2Fv2%2Fproduct_cat&post=2360"},{"taxonomy":"product_tag","embeddable":true,"href":"https:\/\/www.hypertera.com\/index.php?rest_route=%2Fwp%2Fv2%2Fproduct_tag&post=2360"}],"curies":[{"name":"wp","href":"https:\/\/api.w.org\/{rel}","templated":true}]}}