{"id":2356,"date":"2022-07-21T15:17:22","date_gmt":"2022-07-21T15:17:22","guid":{"rendered":"https:\/\/www.hypertera.com\/?product=puhdistusliina-marka-kuiva-2020-1-pkt-40"},"modified":"2022-07-21T15:17:34","modified_gmt":"2022-07-21T15:17:34","slug":"puhdistusliina-marka-kuiva-2020-1-pkt-40","status":"publish","type":"product","link":"https:\/\/www.hypertera.com\/?product=puhdistusliina-marka-kuiva-2020-1-pkt-40","title":{"rendered":"Puhdistusliina, M\u00e4rk\u00e4\/kuiva, 20+20, 1 pkt\/40"},"content":{"rendered":"<p>Soveltuu n\u00e4ytt\u00f6jen (my\u00f6s nestekide- ja hipaisun\u00e4ytt\u00f6jen), h\u00e4ik\u00e4isysuojien, linssien, tv-ruudun, n\u00e4pp\u00e4imist\u00f6n yms. puhdistukseen. Pakkauksessa 20 kpl esik\u00e4siteltyj\u00e4, antistaattisia kosteita liinoja puhdistukseen ja 20 kpl kuivia liinoja viimeistelyyn. M\u00e4rk\u00e4liina ei sis\u00e4ll\u00e4 alkoholia. Kuivaliinan koko 120 x 120 mm, m\u00e4rk\u00e4liinan koko 157 x 122 mm.<\/p>\n","protected":false},"excerpt":{"rendered":"<p>Soveltuu n\u00e4ytt\u00f6jen (my\u00f6s nestekide- ja hipaisun\u00e4ytt\u00f6jen), h\u00e4ik\u00e4isysuojien, linssien, tv-ruudun, n\u00e4pp\u00e4imist\u00f6n yms. puhdistukseen. Pakkauksessa 20 kpl esik\u00e4siteltyj\u00e4, antistaattisia kosteita liinoja puhdistukseen ja 20 kpl kuivia liinoja viimeistelyyn. M\u00e4rk\u00e4liina ei sis\u00e4ll\u00e4 alkoholia. Kuivaliinan koko 120 x 120 mm, m\u00e4rk\u00e4liinan koko 157 x 122 mm.<\/p>\n","protected":false},"featured_media":2357,"comment_status":"closed","ping_status":"closed","template":"","meta":[],"product_brand":[],"product_cat":[212,548,16],"product_tag":[691],"class_list":{"0":"post-2356","1":"product","2":"type-product","3":"status-publish","4":"has-post-thumbnail","6":"product_cat-muut-tuotteet-tuotteet","7":"product_cat-puhdistusvalineet-muut-tuotteet-tuotteet","8":"product_cat-tuotteet","9":"product_tag-puhdistusliinat","11":"first","12":"outofstock","13":"purchasable","14":"product-type-simple"},"jetpack_sharing_enabled":true,"_links":{"self":[{"href":"https:\/\/www.hypertera.com\/index.php?rest_route=\/wp\/v2\/product\/2356","targetHints":{"allow":["GET"]}}],"collection":[{"href":"https:\/\/www.hypertera.com\/index.php?rest_route=\/wp\/v2\/product"}],"about":[{"href":"https:\/\/www.hypertera.com\/index.php?rest_route=\/wp\/v2\/types\/product"}],"replies":[{"embeddable":true,"href":"https:\/\/www.hypertera.com\/index.php?rest_route=%2Fwp%2Fv2%2Fcomments&post=2356"}],"wp:featuredmedia":[{"embeddable":true,"href":"https:\/\/www.hypertera.com\/index.php?rest_route=\/wp\/v2\/media\/2357"}],"wp:attachment":[{"href":"https:\/\/www.hypertera.com\/index.php?rest_route=%2Fwp%2Fv2%2Fmedia&parent=2356"}],"wp:term":[{"taxonomy":"product_brand","embeddable":true,"href":"https:\/\/www.hypertera.com\/index.php?rest_route=%2Fwp%2Fv2%2Fproduct_brand&post=2356"},{"taxonomy":"product_cat","embeddable":true,"href":"https:\/\/www.hypertera.com\/index.php?rest_route=%2Fwp%2Fv2%2Fproduct_cat&post=2356"},{"taxonomy":"product_tag","embeddable":true,"href":"https:\/\/www.hypertera.com\/index.php?rest_route=%2Fwp%2Fv2%2Fproduct_tag&post=2356"}],"curies":[{"name":"wp","href":"https:\/\/api.w.org\/{rel}","templated":true}]}}