{"id":2354,"date":"2022-07-21T15:17:22","date_gmt":"2022-07-21T15:17:22","guid":{"rendered":"https:\/\/www.hypertera.com\/?product=puhdistusliina-mikrokuitu"},"modified":"2022-07-21T15:17:30","modified_gmt":"2022-07-21T15:17:30","slug":"puhdistusliina-mikrokuitu","status":"publish","type":"product","link":"https:\/\/www.hypertera.com\/?product=puhdistusliina-mikrokuitu","title":{"rendered":"Puhdistusliina, Mikrokuitu"},"content":{"rendered":"<p>Pehme\u00e4 mikrokuituliina herkkien laitteiden puhdistamiseen. Soveltuu erityisesti digitaalisten kameroiden, linssien, plasman\u00e4ytt\u00f6jen, silm\u00e4lasien ja herkkien optisten laitteiden ja uuden sukupolven PC-tuotteiden puhdistamiseen. Liinan koko: 150x180mm.<\/p>\n","protected":false},"excerpt":{"rendered":"<p>Pehme\u00e4 mikrokuituliina herkkien laitteiden puhdistamiseen. Soveltuu erityisesti digitaalisten kameroiden, linssien, plasman\u00e4ytt\u00f6jen, silm\u00e4lasien ja herkkien optisten laitteiden ja uuden sukupolven PC-tuotteiden puhdistamiseen. Liinan koko: 150x180mm.<\/p>\n","protected":false},"featured_media":2355,"comment_status":"closed","ping_status":"closed","template":"","meta":[],"product_brand":[],"product_cat":[212,548,16],"product_tag":[691],"class_list":{"0":"post-2354","1":"product","2":"type-product","3":"status-publish","4":"has-post-thumbnail","6":"product_cat-muut-tuotteet-tuotteet","7":"product_cat-puhdistusvalineet-muut-tuotteet-tuotteet","8":"product_cat-tuotteet","9":"product_tag-puhdistusliinat","11":"first","12":"outofstock","13":"purchasable","14":"product-type-simple"},"jetpack_sharing_enabled":true,"_links":{"self":[{"href":"https:\/\/www.hypertera.com\/index.php?rest_route=\/wp\/v2\/product\/2354","targetHints":{"allow":["GET"]}}],"collection":[{"href":"https:\/\/www.hypertera.com\/index.php?rest_route=\/wp\/v2\/product"}],"about":[{"href":"https:\/\/www.hypertera.com\/index.php?rest_route=\/wp\/v2\/types\/product"}],"replies":[{"embeddable":true,"href":"https:\/\/www.hypertera.com\/index.php?rest_route=%2Fwp%2Fv2%2Fcomments&post=2354"}],"wp:featuredmedia":[{"embeddable":true,"href":"https:\/\/www.hypertera.com\/index.php?rest_route=\/wp\/v2\/media\/2355"}],"wp:attachment":[{"href":"https:\/\/www.hypertera.com\/index.php?rest_route=%2Fwp%2Fv2%2Fmedia&parent=2354"}],"wp:term":[{"taxonomy":"product_brand","embeddable":true,"href":"https:\/\/www.hypertera.com\/index.php?rest_route=%2Fwp%2Fv2%2Fproduct_brand&post=2354"},{"taxonomy":"product_cat","embeddable":true,"href":"https:\/\/www.hypertera.com\/index.php?rest_route=%2Fwp%2Fv2%2Fproduct_cat&post=2354"},{"taxonomy":"product_tag","embeddable":true,"href":"https:\/\/www.hypertera.com\/index.php?rest_route=%2Fwp%2Fv2%2Fproduct_tag&post=2354"}],"curies":[{"name":"wp","href":"https:\/\/api.w.org\/{rel}","templated":true}]}}