{"id":235,"date":"2022-07-21T13:43:43","date_gmt":"2022-07-21T13:43:43","guid":{"rendered":"https:\/\/www.hypertera.com\/?product=esiteteline-seinalle-a4-seina-tai-poytamalli"},"modified":"2022-07-21T13:44:57","modified_gmt":"2022-07-21T13:44:57","slug":"esiteteline-seinalle-a4-seina-tai-poytamalli","status":"publish","type":"product","link":"https:\/\/www.hypertera.com\/?product=esiteteline-seinalle-a4-seina-tai-poytamalli","title":{"rendered":"Esiteteline sein\u00e4lle, A4, sein\u00e4- tai p\u00f6yt\u00e4malli"},"content":{"rendered":"<p>Kirkkaasta akryylist\u00e4 valmistettu ohut esiteteline, joko sein\u00e4lle tai p\u00f6yd\u00e4lle makaamaan. Esitepaperi on helppo vaihtaa v\u00e4liin. Takalevyn reikien avulla kiinnitys sein\u00e4lle onnistuu helposti (ruuvit ja ty\u00f6kalut eiv\u00e4t sis\u00e4lly)  Soveltuu esimerkiksi eri tilojen seinille, kahvi- ja ruokap\u00f6yd\u00e4lle jne.<\/p>\n","protected":false},"excerpt":{"rendered":"<p>Esiteteline sein\u00e4lle<\/p>\n","protected":false},"featured_media":236,"comment_status":"closed","ping_status":"closed","template":"","meta":[],"product_brand":[],"product_cat":[15],"product_tag":[122],"class_list":{"0":"post-235","1":"product","2":"type-product","3":"status-publish","4":"has-post-thumbnail","6":"product_cat-uncategorized","7":"product_tag-esitetelineet-poydalle","9":"first","10":"instock","11":"purchasable","12":"product-type-simple"},"jetpack_sharing_enabled":true,"_links":{"self":[{"href":"https:\/\/www.hypertera.com\/index.php?rest_route=\/wp\/v2\/product\/235","targetHints":{"allow":["GET"]}}],"collection":[{"href":"https:\/\/www.hypertera.com\/index.php?rest_route=\/wp\/v2\/product"}],"about":[{"href":"https:\/\/www.hypertera.com\/index.php?rest_route=\/wp\/v2\/types\/product"}],"replies":[{"embeddable":true,"href":"https:\/\/www.hypertera.com\/index.php?rest_route=%2Fwp%2Fv2%2Fcomments&post=235"}],"wp:featuredmedia":[{"embeddable":true,"href":"https:\/\/www.hypertera.com\/index.php?rest_route=\/wp\/v2\/media\/236"}],"wp:attachment":[{"href":"https:\/\/www.hypertera.com\/index.php?rest_route=%2Fwp%2Fv2%2Fmedia&parent=235"}],"wp:term":[{"taxonomy":"product_brand","embeddable":true,"href":"https:\/\/www.hypertera.com\/index.php?rest_route=%2Fwp%2Fv2%2Fproduct_brand&post=235"},{"taxonomy":"product_cat","embeddable":true,"href":"https:\/\/www.hypertera.com\/index.php?rest_route=%2Fwp%2Fv2%2Fproduct_cat&post=235"},{"taxonomy":"product_tag","embeddable":true,"href":"https:\/\/www.hypertera.com\/index.php?rest_route=%2Fwp%2Fv2%2Fproduct_tag&post=235"}],"curies":[{"name":"wp","href":"https:\/\/api.w.org\/{rel}","templated":true}]}}