{"id":2346,"date":"2022-07-21T15:17:03","date_gmt":"2022-07-21T15:17:03","guid":{"rendered":"https:\/\/www.hypertera.com\/?product=puhdistusliina-elektroniikalle-1-pkt-100-markapyyhetta"},"modified":"2022-07-21T15:17:11","modified_gmt":"2022-07-21T15:17:11","slug":"puhdistusliina-elektroniikalle-1-pkt-100-markapyyhetta","status":"publish","type":"product","link":"https:\/\/www.hypertera.com\/?product=puhdistusliina-elektroniikalle-1-pkt-100-markapyyhetta","title":{"rendered":"Puhdistusliina elektroniikalle, 1 pkt\/100 m\u00e4rk\u00e4pyyhett\u00e4"},"content":{"rendered":"<p>Erinomaisia viskooseja, kosteita puhdistusliinoja k\u00e4tev\u00e4ss\u00e4 purkissa toimiston elektroniikan sek\u00e4 tietokonelaitteiden puhdistukseen.  Liinat ovat antistaattisia sek\u00e4 desinfioivia. Liinat poistavat erinomaisesti p\u00f6ly\u00e4 ja likaa. Liinat eiv\u00e4t nukkaa tai j\u00e4t\u00e4 j\u00e4lki\u00e4. 100 m\u00e4rk\u00e4liina per paketti. Liinoissa on mieto tuoksu.  Puhdistusliina ei sovellu TFT\/LCD n\u00e4yt\u00f6lle<\/p>\n","protected":false},"excerpt":{"rendered":"<p>F-Office Puhdistusliina, 1 pkt\/100<\/p>\n","protected":false},"featured_media":2347,"comment_status":"closed","ping_status":"closed","template":"","meta":[],"product_brand":[],"product_cat":[212,548,16],"product_tag":[691],"class_list":{"0":"post-2346","1":"product","2":"type-product","3":"status-publish","4":"has-post-thumbnail","6":"product_cat-muut-tuotteet-tuotteet","7":"product_cat-puhdistusvalineet-muut-tuotteet-tuotteet","8":"product_cat-tuotteet","9":"product_tag-puhdistusliinat","11":"first","12":"instock","13":"purchasable","14":"product-type-simple"},"jetpack_sharing_enabled":true,"_links":{"self":[{"href":"https:\/\/www.hypertera.com\/index.php?rest_route=\/wp\/v2\/product\/2346","targetHints":{"allow":["GET"]}}],"collection":[{"href":"https:\/\/www.hypertera.com\/index.php?rest_route=\/wp\/v2\/product"}],"about":[{"href":"https:\/\/www.hypertera.com\/index.php?rest_route=\/wp\/v2\/types\/product"}],"replies":[{"embeddable":true,"href":"https:\/\/www.hypertera.com\/index.php?rest_route=%2Fwp%2Fv2%2Fcomments&post=2346"}],"wp:featuredmedia":[{"embeddable":true,"href":"https:\/\/www.hypertera.com\/index.php?rest_route=\/wp\/v2\/media\/2347"}],"wp:attachment":[{"href":"https:\/\/www.hypertera.com\/index.php?rest_route=%2Fwp%2Fv2%2Fmedia&parent=2346"}],"wp:term":[{"taxonomy":"product_brand","embeddable":true,"href":"https:\/\/www.hypertera.com\/index.php?rest_route=%2Fwp%2Fv2%2Fproduct_brand&post=2346"},{"taxonomy":"product_cat","embeddable":true,"href":"https:\/\/www.hypertera.com\/index.php?rest_route=%2Fwp%2Fv2%2Fproduct_cat&post=2346"},{"taxonomy":"product_tag","embeddable":true,"href":"https:\/\/www.hypertera.com\/index.php?rest_route=%2Fwp%2Fv2%2Fproduct_tag&post=2346"}],"curies":[{"name":"wp","href":"https:\/\/api.w.org\/{rel}","templated":true}]}}