{"id":2342,"date":"2022-07-21T15:17:03","date_gmt":"2022-07-21T15:17:03","guid":{"rendered":"https:\/\/www.hypertera.com\/?product=puhdistusaine-naytto-nappaimisto-250ml"},"modified":"2022-07-21T15:17:05","modified_gmt":"2022-07-21T15:17:05","slug":"puhdistusaine-naytto-nappaimisto-250ml","status":"publish","type":"product","link":"https:\/\/www.hypertera.com\/?product=puhdistusaine-naytto-nappaimisto-250ml","title":{"rendered":"Puhdistusaine, N\u00e4ytt\u00f6\/n\u00e4pp\u00e4imist\u00f6, 250ml"},"content":{"rendered":"<p>Antistaattinen puhdistusneste n\u00e4yt\u00f6lle, h\u00e4ik\u00e4isysuojalle, televisiolle, monitorille, piirtoheitinten ja kopiokoneiden lasipinnoille, peilille, linssille, n\u00e4pp\u00e4imist\u00f6lle sek\u00e4 muille koville pinnoille.  Sis\u00e4lt\u00e4\u00e4 bakteereita tuhoavaa ainetta. Suihkuta ainetta ensin kuivalle liinalle (esim. tuote PUL-C12). Poistaa sormenj\u00e4ljet, rasvan ja pinttyneen lian. Ehk\u00e4isee p\u00f6lyn muodostumista jatkossa. CFC-vapaa, ymp\u00e4rist\u00f6yst\u00e4v\u00e4llinen, vesipohjainen, ei sis\u00e4ll\u00e4 alkoholia.<\/p>\n","protected":false},"excerpt":{"rendered":"<p>Antistaattinen puhdistusneste n\u00e4yt\u00f6lle, h\u00e4ik\u00e4isysuojalle, televisiolle, monitorille, piirtoheitinten ja kopiokoneiden lasipinnoille, peilille, linssille, n\u00e4pp\u00e4imist\u00f6lle sek\u00e4 muille koville pinnoille. Sis\u00e4lt\u00e4\u00e4 bakteereita tuhoavaa ainetta. Suihkuta ainetta ensin kuivalle liinalle (esim. tuote PUL-C12). Poistaa sormenj\u00e4ljet, rasvan ja pinttyneen lian. Ehk\u00e4isee p\u00f6lyn muodostumista jatkossa. CFC-vapaa, ymp\u00e4rist\u00f6yst\u00e4v\u00e4llinen, vesipohjainen, ei sis\u00e4ll\u00e4 alkoholia.<\/p>\n","protected":false},"featured_media":2343,"comment_status":"closed","ping_status":"closed","template":"","meta":[],"product_brand":[],"product_cat":[688,195,16],"product_tag":[689],"class_list":{"0":"post-2342","1":"product","2":"type-product","3":"status-publish","4":"has-post-thumbnail","6":"product_cat-pesuaineet-taloustarvikkeet","7":"product_cat-taloustarvikkeet","8":"product_cat-tuotteet","9":"product_tag-puhdistusaineet","11":"first","12":"instock","13":"purchasable","14":"product-type-simple"},"jetpack_sharing_enabled":true,"_links":{"self":[{"href":"https:\/\/www.hypertera.com\/index.php?rest_route=\/wp\/v2\/product\/2342","targetHints":{"allow":["GET"]}}],"collection":[{"href":"https:\/\/www.hypertera.com\/index.php?rest_route=\/wp\/v2\/product"}],"about":[{"href":"https:\/\/www.hypertera.com\/index.php?rest_route=\/wp\/v2\/types\/product"}],"replies":[{"embeddable":true,"href":"https:\/\/www.hypertera.com\/index.php?rest_route=%2Fwp%2Fv2%2Fcomments&post=2342"}],"wp:featuredmedia":[{"embeddable":true,"href":"https:\/\/www.hypertera.com\/index.php?rest_route=\/wp\/v2\/media\/2343"}],"wp:attachment":[{"href":"https:\/\/www.hypertera.com\/index.php?rest_route=%2Fwp%2Fv2%2Fmedia&parent=2342"}],"wp:term":[{"taxonomy":"product_brand","embeddable":true,"href":"https:\/\/www.hypertera.com\/index.php?rest_route=%2Fwp%2Fv2%2Fproduct_brand&post=2342"},{"taxonomy":"product_cat","embeddable":true,"href":"https:\/\/www.hypertera.com\/index.php?rest_route=%2Fwp%2Fv2%2Fproduct_cat&post=2342"},{"taxonomy":"product_tag","embeddable":true,"href":"https:\/\/www.hypertera.com\/index.php?rest_route=%2Fwp%2Fv2%2Fproduct_tag&post=2342"}],"curies":[{"name":"wp","href":"https:\/\/api.w.org\/{rel}","templated":true}]}}