{"id":2340,"date":"2022-07-21T15:17:03","date_gmt":"2022-07-21T15:17:03","guid":{"rendered":"https:\/\/www.hypertera.com\/?product=puhdistusaine-cif-professional-2in1-desinfioiva-750-ml"},"modified":"2022-07-21T15:17:03","modified_gmt":"2022-07-21T15:17:03","slug":"puhdistusaine-cif-professional-2in1-desinfioiva-750-ml","status":"publish","type":"product","link":"https:\/\/www.hypertera.com\/?product=puhdistusaine-cif-professional-2in1-desinfioiva-750-ml","title":{"rendered":"Puhdistusaine, Cif professional 2in1 desinfioiva 750 ml"},"content":{"rendered":"<p>Cif Professional 2in1 on hajusteeton, heti k\u00e4ytt\u00f6valmis desinfioiva puhdistusaine pintojen samanaikaiseen puhdistamiseen ja desinfiointiin keitti\u00f6ss\u00e4. Tehoaa useim- piin mikro-organismeihin (EN1276-testi).<\/p>\n","protected":false},"excerpt":{"rendered":"<p>Cif professional 2in1 Puhdistusaine<\/p>\n","protected":false},"featured_media":2341,"comment_status":"closed","ping_status":"closed","template":"","meta":[],"product_brand":[],"product_cat":[688,195,16],"product_tag":[689],"class_list":{"0":"post-2340","1":"product","2":"type-product","3":"status-publish","4":"has-post-thumbnail","6":"product_cat-pesuaineet-taloustarvikkeet","7":"product_cat-taloustarvikkeet","8":"product_cat-tuotteet","9":"product_tag-puhdistusaineet","11":"first","12":"outofstock","13":"purchasable","14":"product-type-simple"},"jetpack_sharing_enabled":true,"_links":{"self":[{"href":"https:\/\/www.hypertera.com\/index.php?rest_route=\/wp\/v2\/product\/2340","targetHints":{"allow":["GET"]}}],"collection":[{"href":"https:\/\/www.hypertera.com\/index.php?rest_route=\/wp\/v2\/product"}],"about":[{"href":"https:\/\/www.hypertera.com\/index.php?rest_route=\/wp\/v2\/types\/product"}],"replies":[{"embeddable":true,"href":"https:\/\/www.hypertera.com\/index.php?rest_route=%2Fwp%2Fv2%2Fcomments&post=2340"}],"wp:featuredmedia":[{"embeddable":true,"href":"https:\/\/www.hypertera.com\/index.php?rest_route=\/wp\/v2\/media\/2341"}],"wp:attachment":[{"href":"https:\/\/www.hypertera.com\/index.php?rest_route=%2Fwp%2Fv2%2Fmedia&parent=2340"}],"wp:term":[{"taxonomy":"product_brand","embeddable":true,"href":"https:\/\/www.hypertera.com\/index.php?rest_route=%2Fwp%2Fv2%2Fproduct_brand&post=2340"},{"taxonomy":"product_cat","embeddable":true,"href":"https:\/\/www.hypertera.com\/index.php?rest_route=%2Fwp%2Fv2%2Fproduct_cat&post=2340"},{"taxonomy":"product_tag","embeddable":true,"href":"https:\/\/www.hypertera.com\/index.php?rest_route=%2Fwp%2Fv2%2Fproduct_tag&post=2340"}],"curies":[{"name":"wp","href":"https:\/\/api.w.org\/{rel}","templated":true}]}}