{"id":2332,"date":"2022-07-21T15:16:54","date_gmt":"2022-07-21T15:16:54","guid":{"rendered":"https:\/\/www.hypertera.com\/?product=pitka-suurennuslasi-lukumalli-2-5-5x-mitta-asteikolla"},"modified":"2022-07-21T15:16:56","modified_gmt":"2022-07-21T15:16:56","slug":"pitka-suurennuslasi-lukumalli-2-5-5x-mitta-asteikolla","status":"publish","type":"product","link":"https:\/\/www.hypertera.com\/?product=pitka-suurennuslasi-lukumalli-2-5-5x-mitta-asteikolla","title":{"rendered":"Pitk\u00e4 suurennuslasi, lukumalli, 2.5 &#8211; 5x, mitta-asteikolla"},"content":{"rendered":"<p>K\u00e4tev\u00e4 pitk\u00e4nmallinen suurennuslasi lukuk\u00e4ytt\u00f6\u00f6n. Suurennuslasin pituus on 210 mm, ja suurennus 2.5x. Materiaali on akryyli\u00e4.<\/p>\n","protected":false},"excerpt":{"rendered":"<p>Suurennuslasi lukuk\u00e4ytt\u00f6\u00f6n<\/p>\n","protected":false},"featured_media":2333,"comment_status":"closed","ping_status":"closed","template":"","meta":[],"product_brand":[],"product_cat":[15],"product_tag":[686],"class_list":{"0":"post-2332","1":"product","2":"type-product","3":"status-publish","4":"has-post-thumbnail","6":"product_cat-uncategorized","7":"product_tag-suurennuslasit","9":"first","10":"outofstock","11":"purchasable","12":"product-type-simple"},"jetpack_sharing_enabled":true,"_links":{"self":[{"href":"https:\/\/www.hypertera.com\/index.php?rest_route=\/wp\/v2\/product\/2332","targetHints":{"allow":["GET"]}}],"collection":[{"href":"https:\/\/www.hypertera.com\/index.php?rest_route=\/wp\/v2\/product"}],"about":[{"href":"https:\/\/www.hypertera.com\/index.php?rest_route=\/wp\/v2\/types\/product"}],"replies":[{"embeddable":true,"href":"https:\/\/www.hypertera.com\/index.php?rest_route=%2Fwp%2Fv2%2Fcomments&post=2332"}],"wp:featuredmedia":[{"embeddable":true,"href":"https:\/\/www.hypertera.com\/index.php?rest_route=\/wp\/v2\/media\/2333"}],"wp:attachment":[{"href":"https:\/\/www.hypertera.com\/index.php?rest_route=%2Fwp%2Fv2%2Fmedia&parent=2332"}],"wp:term":[{"taxonomy":"product_brand","embeddable":true,"href":"https:\/\/www.hypertera.com\/index.php?rest_route=%2Fwp%2Fv2%2Fproduct_brand&post=2332"},{"taxonomy":"product_cat","embeddable":true,"href":"https:\/\/www.hypertera.com\/index.php?rest_route=%2Fwp%2Fv2%2Fproduct_cat&post=2332"},{"taxonomy":"product_tag","embeddable":true,"href":"https:\/\/www.hypertera.com\/index.php?rest_route=%2Fwp%2Fv2%2Fproduct_tag&post=2332"}],"curies":[{"name":"wp","href":"https:\/\/api.w.org\/{rel}","templated":true}]}}