{"id":2330,"date":"2022-07-21T15:16:54","date_gmt":"2022-07-21T15:16:54","guid":{"rendered":"https:\/\/www.hypertera.com\/?product=pilates-tuoli-air-seat-52-71-cm-harmaa"},"modified":"2022-07-21T15:16:55","modified_gmt":"2022-07-21T15:16:55","slug":"pilates-tuoli-air-seat-52-71-cm-harmaa","status":"publish","type":"product","link":"https:\/\/www.hypertera.com\/?product=pilates-tuoli-air-seat-52-71-cm-harmaa","title":{"rendered":"Pilates-tuoli Air Seat, 52-71 cm, harmaa"},"content":{"rendered":"<p>Pilates-tuoli hy\u00f6dynt\u00e4\u00e4 Pilates-harjoitteista tuttuja liikeratoja sel\u00e4n lihasryhmien aktivoimiseksi. Istuimen korkeus on s\u00e4\u00e4dett\u00e4viss\u00e4 v\u00e4lill\u00e4 52-71 cm. Jalusta on kiillotettua alumiinia.<\/p>\n","protected":false},"excerpt":{"rendered":"<p>Air seat 52-71 cm harmaa Pilates-tuoli<\/p>\n","protected":false},"featured_media":2331,"comment_status":"closed","ping_status":"closed","template":"","meta":[],"product_brand":[],"product_cat":[15],"product_tag":[685],"class_list":{"0":"post-2330","1":"product","2":"type-product","3":"status-publish","4":"has-post-thumbnail","6":"product_cat-uncategorized","7":"product_tag-pilates-tuolit","9":"first","10":"instock","11":"purchasable","12":"product-type-simple"},"jetpack_sharing_enabled":true,"_links":{"self":[{"href":"https:\/\/www.hypertera.com\/index.php?rest_route=\/wp\/v2\/product\/2330","targetHints":{"allow":["GET"]}}],"collection":[{"href":"https:\/\/www.hypertera.com\/index.php?rest_route=\/wp\/v2\/product"}],"about":[{"href":"https:\/\/www.hypertera.com\/index.php?rest_route=\/wp\/v2\/types\/product"}],"replies":[{"embeddable":true,"href":"https:\/\/www.hypertera.com\/index.php?rest_route=%2Fwp%2Fv2%2Fcomments&post=2330"}],"wp:featuredmedia":[{"embeddable":true,"href":"https:\/\/www.hypertera.com\/index.php?rest_route=\/wp\/v2\/media\/2331"}],"wp:attachment":[{"href":"https:\/\/www.hypertera.com\/index.php?rest_route=%2Fwp%2Fv2%2Fmedia&parent=2330"}],"wp:term":[{"taxonomy":"product_brand","embeddable":true,"href":"https:\/\/www.hypertera.com\/index.php?rest_route=%2Fwp%2Fv2%2Fproduct_brand&post=2330"},{"taxonomy":"product_cat","embeddable":true,"href":"https:\/\/www.hypertera.com\/index.php?rest_route=%2Fwp%2Fv2%2Fproduct_cat&post=2330"},{"taxonomy":"product_tag","embeddable":true,"href":"https:\/\/www.hypertera.com\/index.php?rest_route=%2Fwp%2Fv2%2Fproduct_tag&post=2330"}],"curies":[{"name":"wp","href":"https:\/\/api.w.org\/{rel}","templated":true}]}}