{"id":233,"date":"2022-07-21T13:43:43","date_gmt":"2022-07-21T13:43:43","guid":{"rendered":"https:\/\/www.hypertera.com\/?product=esiteteline-seinalle-a4-6-osaa-hopeanharmaa"},"modified":"2022-07-21T13:44:55","modified_gmt":"2022-07-21T13:44:55","slug":"esiteteline-seinalle-a4-6-osaa-hopeanharmaa","status":"publish","type":"product","link":"https:\/\/www.hypertera.com\/?product=esiteteline-seinalle-a4-6-osaa-hopeanharmaa","title":{"rendered":"Esiteteline sein\u00e4lle, A4, 6 osaa, hopeanharmaa"},"content":{"rendered":"<p>6-osainen A4-esiteteline sein\u00e4lle. Ei sis\u00e4ll\u00e4 kiinnikkeit\u00e4 (ruuvit &#038; proput)<\/p>\n","protected":false},"excerpt":{"rendered":"<p>Hopeanharmaa Twin A4, 6 osaa Esiteteline sein\u00e4lle<\/p>\n","protected":false},"featured_media":234,"comment_status":"closed","ping_status":"closed","template":"","meta":[],"product_brand":[],"product_cat":[15],"product_tag":[122],"class_list":{"0":"post-233","1":"product","2":"type-product","3":"status-publish","4":"has-post-thumbnail","6":"product_cat-uncategorized","7":"product_tag-esitetelineet-poydalle","9":"first","10":"outofstock","11":"purchasable","12":"product-type-simple"},"jetpack_sharing_enabled":true,"_links":{"self":[{"href":"https:\/\/www.hypertera.com\/index.php?rest_route=\/wp\/v2\/product\/233","targetHints":{"allow":["GET"]}}],"collection":[{"href":"https:\/\/www.hypertera.com\/index.php?rest_route=\/wp\/v2\/product"}],"about":[{"href":"https:\/\/www.hypertera.com\/index.php?rest_route=\/wp\/v2\/types\/product"}],"replies":[{"embeddable":true,"href":"https:\/\/www.hypertera.com\/index.php?rest_route=%2Fwp%2Fv2%2Fcomments&post=233"}],"wp:featuredmedia":[{"embeddable":true,"href":"https:\/\/www.hypertera.com\/index.php?rest_route=\/wp\/v2\/media\/234"}],"wp:attachment":[{"href":"https:\/\/www.hypertera.com\/index.php?rest_route=%2Fwp%2Fv2%2Fmedia&parent=233"}],"wp:term":[{"taxonomy":"product_brand","embeddable":true,"href":"https:\/\/www.hypertera.com\/index.php?rest_route=%2Fwp%2Fv2%2Fproduct_brand&post=233"},{"taxonomy":"product_cat","embeddable":true,"href":"https:\/\/www.hypertera.com\/index.php?rest_route=%2Fwp%2Fv2%2Fproduct_cat&post=233"},{"taxonomy":"product_tag","embeddable":true,"href":"https:\/\/www.hypertera.com\/index.php?rest_route=%2Fwp%2Fv2%2Fproduct_tag&post=233"}],"curies":[{"name":"wp","href":"https:\/\/api.w.org\/{rel}","templated":true}]}}