{"id":2320,"date":"2022-07-21T15:16:42","date_gmt":"2022-07-21T15:16:42","guid":{"rendered":"https:\/\/www.hypertera.com\/?product=pikanitojakansio-e462-a4-muovi-musta"},"modified":"2022-07-21T15:16:42","modified_gmt":"2022-07-21T15:16:42","slug":"pikanitojakansio-e462-a4-muovi-musta","status":"publish","type":"product","link":"https:\/\/www.hypertera.com\/?product=pikanitojakansio-e462-a4-muovi-musta","title":{"rendered":"Pikanitojakansio, E462, A4, muovi, musta"},"content":{"rendered":"<p>Kirkas etukansi, takakansi v\u00e4rillinen. Metallisen mekanismin p\u00e4\u00e4ll\u00e4 peitelista.<\/p>\n","protected":false},"excerpt":{"rendered":"<p>Kirkas etukansi, takakansi v\u00e4rillinen. Metallisen mekanismin p\u00e4\u00e4ll\u00e4 peitelista.<\/p>\n","protected":false},"featured_media":2321,"comment_status":"closed","ping_status":"closed","template":"","meta":[],"product_brand":[],"product_cat":[683,31,30,16],"product_tag":[684],"class_list":{"0":"post-2320","1":"product","2":"type-product","3":"status-publish","4":"has-post-thumbnail","6":"product_cat-esitekansiot-ja-pikanitojat","7":"product_cat-kansiot-ja-mapit","8":"product_cat-toimistotarvikkeet","9":"product_cat-tuotteet","10":"product_tag-pikanitojakansiot","12":"first","13":"outofstock","14":"purchasable","15":"product-type-simple"},"jetpack_sharing_enabled":true,"_links":{"self":[{"href":"https:\/\/www.hypertera.com\/index.php?rest_route=\/wp\/v2\/product\/2320","targetHints":{"allow":["GET"]}}],"collection":[{"href":"https:\/\/www.hypertera.com\/index.php?rest_route=\/wp\/v2\/product"}],"about":[{"href":"https:\/\/www.hypertera.com\/index.php?rest_route=\/wp\/v2\/types\/product"}],"replies":[{"embeddable":true,"href":"https:\/\/www.hypertera.com\/index.php?rest_route=%2Fwp%2Fv2%2Fcomments&post=2320"}],"wp:featuredmedia":[{"embeddable":true,"href":"https:\/\/www.hypertera.com\/index.php?rest_route=\/wp\/v2\/media\/2321"}],"wp:attachment":[{"href":"https:\/\/www.hypertera.com\/index.php?rest_route=%2Fwp%2Fv2%2Fmedia&parent=2320"}],"wp:term":[{"taxonomy":"product_brand","embeddable":true,"href":"https:\/\/www.hypertera.com\/index.php?rest_route=%2Fwp%2Fv2%2Fproduct_brand&post=2320"},{"taxonomy":"product_cat","embeddable":true,"href":"https:\/\/www.hypertera.com\/index.php?rest_route=%2Fwp%2Fv2%2Fproduct_cat&post=2320"},{"taxonomy":"product_tag","embeddable":true,"href":"https:\/\/www.hypertera.com\/index.php?rest_route=%2Fwp%2Fv2%2Fproduct_tag&post=2320"}],"curies":[{"name":"wp","href":"https:\/\/api.w.org\/{rel}","templated":true}]}}