{"id":2308,"date":"2022-07-21T15:15:59","date_gmt":"2022-07-21T15:15:59","guid":{"rendered":"https:\/\/www.hypertera.com\/?product=pikahakujarjestelman-poytateline-metalli"},"modified":"2022-07-21T15:16:06","modified_gmt":"2022-07-21T15:16:06","slug":"pikahakujarjestelman-poytateline-metalli","status":"publish","type":"product","link":"https:\/\/www.hypertera.com\/?product=pikahakujarjestelman-poytateline-metalli","title":{"rendered":"Pikahakuj\u00e4rjestelm\u00e4n p\u00f6yt\u00e4teline, metalli"},"content":{"rendered":"<p>P\u00f6yt\u00e4teline, vahva metallirakenne. Voidaan laittaa p\u00f6yd\u00e4lle. Telineess\u00e4 paikka kymmenelle paneelille.  Huomaa, ett\u00e4 paneelit tulee hankkia erikseen. Erityisesti tuote EST-X4Q on suunniteltu t\u00e4lle telineelle.<\/p>\n","protected":false},"excerpt":{"rendered":"<p>Pikahakuj\u00e4rjestelm\u00e4n p\u00f6yt\u00e4teline<\/p>\n","protected":false},"featured_media":2309,"comment_status":"closed","ping_status":"closed","template":"","meta":[],"product_brand":[],"product_cat":[679,30,16],"product_tag":[682],"class_list":{"0":"post-2308","1":"product","2":"type-product","3":"status-publish","4":"has-post-thumbnail","6":"product_cat-pikahakujarjestelmat","7":"product_cat-toimistotarvikkeet","8":"product_cat-tuotteet","9":"product_tag-pikahakujarjestelman-poytatelineet","11":"first","12":"instock","13":"purchasable","14":"product-type-simple"},"jetpack_sharing_enabled":true,"_links":{"self":[{"href":"https:\/\/www.hypertera.com\/index.php?rest_route=\/wp\/v2\/product\/2308","targetHints":{"allow":["GET"]}}],"collection":[{"href":"https:\/\/www.hypertera.com\/index.php?rest_route=\/wp\/v2\/product"}],"about":[{"href":"https:\/\/www.hypertera.com\/index.php?rest_route=\/wp\/v2\/types\/product"}],"replies":[{"embeddable":true,"href":"https:\/\/www.hypertera.com\/index.php?rest_route=%2Fwp%2Fv2%2Fcomments&post=2308"}],"wp:featuredmedia":[{"embeddable":true,"href":"https:\/\/www.hypertera.com\/index.php?rest_route=\/wp\/v2\/media\/2309"}],"wp:attachment":[{"href":"https:\/\/www.hypertera.com\/index.php?rest_route=%2Fwp%2Fv2%2Fmedia&parent=2308"}],"wp:term":[{"taxonomy":"product_brand","embeddable":true,"href":"https:\/\/www.hypertera.com\/index.php?rest_route=%2Fwp%2Fv2%2Fproduct_brand&post=2308"},{"taxonomy":"product_cat","embeddable":true,"href":"https:\/\/www.hypertera.com\/index.php?rest_route=%2Fwp%2Fv2%2Fproduct_cat&post=2308"},{"taxonomy":"product_tag","embeddable":true,"href":"https:\/\/www.hypertera.com\/index.php?rest_route=%2Fwp%2Fv2%2Fproduct_tag&post=2308"}],"curies":[{"name":"wp","href":"https:\/\/api.w.org\/{rel}","templated":true}]}}