{"id":2303,"date":"2022-07-21T15:15:59","date_gmt":"2022-07-21T15:15:59","guid":{"rendered":"https:\/\/www.hypertera.com\/?product=piirustuslehtio-a5-1-kpl-20"},"modified":"2022-07-21T15:16:01","modified_gmt":"2022-07-21T15:16:01","slug":"piirustuslehtio-a5-1-kpl-20","status":"publish","type":"product","link":"https:\/\/www.hypertera.com\/?product=piirustuslehtio-a5-1-kpl-20","title":{"rendered":"Piirustuslehti\u00f6, A5, 1 kpl\/20"},"content":{"rendered":"<p>Laadukas kotimainen piirustuslehti\u00f6.  Blanco, erityisesti piirt\u00e4miseen sopiva 120g valkoinen paperi.  Liimaus lehti\u00f6n yl\u00e4reunassa.  Tuotteella Avainlippu.<\/p>\n","protected":false},"excerpt":{"rendered":"<p>A5 Piirustuslehti\u00f6, 1 kpl\/20<\/p>\n","protected":false},"featured_media":2304,"comment_status":"closed","ping_status":"closed","template":"","meta":[],"product_brand":[],"product_cat":[64,63,676,245,677,246,16],"product_tag":[678],"class_list":{"0":"post-2303","1":"product","2":"type-product","3":"status-publish","4":"has-post-thumbnail","6":"product_cat-askartelu","7":"product_cat-kotiin-ja-lahjaksi","8":"product_cat-lehtiot-ja-vihkot-toimistotarvikkeet-paperit-kartongit-ja-lehtiottuotteet","9":"product_cat-paperit-kartongit-ja-lehtiottuotteet","10":"product_cat-piirrustuspaperit-ja-lehtiot","11":"product_cat-toimistotarvikkeet-paperit-kartongit-ja-lehtiottuotteet","12":"product_cat-tuotteet","13":"product_tag-piirustuslehtiot","15":"first","16":"instock","17":"purchasable","18":"product-type-simple"},"jetpack_sharing_enabled":true,"_links":{"self":[{"href":"https:\/\/www.hypertera.com\/index.php?rest_route=\/wp\/v2\/product\/2303","targetHints":{"allow":["GET"]}}],"collection":[{"href":"https:\/\/www.hypertera.com\/index.php?rest_route=\/wp\/v2\/product"}],"about":[{"href":"https:\/\/www.hypertera.com\/index.php?rest_route=\/wp\/v2\/types\/product"}],"replies":[{"embeddable":true,"href":"https:\/\/www.hypertera.com\/index.php?rest_route=%2Fwp%2Fv2%2Fcomments&post=2303"}],"wp:featuredmedia":[{"embeddable":true,"href":"https:\/\/www.hypertera.com\/index.php?rest_route=\/wp\/v2\/media\/2304"}],"wp:attachment":[{"href":"https:\/\/www.hypertera.com\/index.php?rest_route=%2Fwp%2Fv2%2Fmedia&parent=2303"}],"wp:term":[{"taxonomy":"product_brand","embeddable":true,"href":"https:\/\/www.hypertera.com\/index.php?rest_route=%2Fwp%2Fv2%2Fproduct_brand&post=2303"},{"taxonomy":"product_cat","embeddable":true,"href":"https:\/\/www.hypertera.com\/index.php?rest_route=%2Fwp%2Fv2%2Fproduct_cat&post=2303"},{"taxonomy":"product_tag","embeddable":true,"href":"https:\/\/www.hypertera.com\/index.php?rest_route=%2Fwp%2Fv2%2Fproduct_tag&post=2303"}],"curies":[{"name":"wp","href":"https:\/\/api.w.org\/{rel}","templated":true}]}}