{"id":2295,"date":"2022-07-21T15:15:36","date_gmt":"2022-07-21T15:15:36","guid":{"rendered":"https:\/\/www.hypertera.com\/?product=pientarviketeline-metalliverkko-musta"},"modified":"2022-07-21T15:15:49","modified_gmt":"2022-07-21T15:15:49","slug":"pientarviketeline-metalliverkko-musta","status":"publish","type":"product","link":"https:\/\/www.hypertera.com\/?product=pientarviketeline-metalliverkko-musta","title":{"rendered":"Pientarviketeline, metalliverkko, musta"},"content":{"rendered":"<p>T\u00e4t\u00e4 tarvitaan jokaiselle ty\u00f6p\u00f6yd\u00e4lle! Pientarviketeline esimerkiksi liittimille, nastoille, neuloille tai muulle pienelle ja helposti hukkaan meneville. Pienikori on tehty metalliseoksesta. Korin koko on 79 x 37 mm.<\/p>\n","protected":false},"excerpt":{"rendered":"<p>F-Office Pientarviketeline<\/p>\n","protected":false},"featured_media":2296,"comment_status":"closed","ping_status":"closed","template":"","meta":[],"product_brand":[],"product_cat":[15],"product_tag":[671],"class_list":{"0":"post-2295","1":"product","2":"type-product","3":"status-publish","4":"has-post-thumbnail","6":"product_cat-uncategorized","7":"product_tag-pientarviketelineet","9":"first","10":"instock","11":"purchasable","12":"product-type-simple"},"jetpack_sharing_enabled":true,"_links":{"self":[{"href":"https:\/\/www.hypertera.com\/index.php?rest_route=\/wp\/v2\/product\/2295","targetHints":{"allow":["GET"]}}],"collection":[{"href":"https:\/\/www.hypertera.com\/index.php?rest_route=\/wp\/v2\/product"}],"about":[{"href":"https:\/\/www.hypertera.com\/index.php?rest_route=\/wp\/v2\/types\/product"}],"replies":[{"embeddable":true,"href":"https:\/\/www.hypertera.com\/index.php?rest_route=%2Fwp%2Fv2%2Fcomments&post=2295"}],"wp:featuredmedia":[{"embeddable":true,"href":"https:\/\/www.hypertera.com\/index.php?rest_route=\/wp\/v2\/media\/2296"}],"wp:attachment":[{"href":"https:\/\/www.hypertera.com\/index.php?rest_route=%2Fwp%2Fv2%2Fmedia&parent=2295"}],"wp:term":[{"taxonomy":"product_brand","embeddable":true,"href":"https:\/\/www.hypertera.com\/index.php?rest_route=%2Fwp%2Fv2%2Fproduct_brand&post=2295"},{"taxonomy":"product_cat","embeddable":true,"href":"https:\/\/www.hypertera.com\/index.php?rest_route=%2Fwp%2Fv2%2Fproduct_cat&post=2295"},{"taxonomy":"product_tag","embeddable":true,"href":"https:\/\/www.hypertera.com\/index.php?rest_route=%2Fwp%2Fv2%2Fproduct_tag&post=2295"}],"curies":[{"name":"wp","href":"https:\/\/api.w.org\/{rel}","templated":true}]}}